{"id":12585,"date":"2023-09-02T00:37:33","date_gmt":"2023-09-01T22:37:33","guid":{"rendered":"https:\/\/quercus-rc.be\/?page_id=12585"},"modified":"2023-12-01T14:48:05","modified_gmt":"2023-12-01T13:48:05","slug":"hospitalisation","status":"publish","type":"page","link":"http:\/\/quercus-rc.be\/en\/hospitalisation\/","title":{"rendered":"Hospitalisation"},"content":{"rendered":"\t\t<div data-elementor-type=\"wp-page\" data-elementor-id=\"12585\" class=\"elementor elementor-12585\">\n\t\t\t\t\t\t<section class=\"elementor-section elementor-top-section elementor-element elementor-element-4c1ac24 elementor-section-boxed elementor-section-height-default elementor-section-height-default\" data-id=\"4c1ac24\" data-element_type=\"section\" data-e-type=\"section\">\n\t\t\t\t\t\t<div class=\"elementor-container elementor-column-gap-default\">\n\t\t\t\t\t<div class=\"elementor-column elementor-col-100 elementor-top-column elementor-element elementor-element-002895d\" data-id=\"002895d\" data-element_type=\"column\" data-e-type=\"column\">\n\t\t\t<div class=\"elementor-widget-wrap\">\n\t\t\t\t\t\t\t<\/div>\n\t\t<\/div>\n\t\t\t\t\t<\/div>\n\t\t<\/section>\n\t\t\t\t<section class=\"elementor-section elementor-top-section elementor-element elementor-element-6b3f39f elementor-section-boxed elementor-section-height-default elementor-section-height-default\" data-id=\"6b3f39f\" data-element_type=\"section\" data-e-type=\"section\">\n\t\t\t\t\t\t<div class=\"elementor-container elementor-column-gap-default\">\n\t\t\t\t\t<div class=\"elementor-column elementor-col-100 elementor-top-column elementor-element elementor-element-dd86bbd\" data-id=\"dd86bbd\" data-element_type=\"column\" data-e-type=\"column\">\n\t\t\t<div class=\"elementor-widget-wrap elementor-element-populated\">\n\t\t\t\t\t\t<div class=\"elementor-element elementor-element-69e4761 elementor-widget elementor-widget-sectiontitle\" data-id=\"69e4761\" data-element_type=\"widget\" data-e-type=\"widget\" data-widget_type=\"sectiontitle.default\">\n\t\t\t\t<div class=\"elementor-widget-container\">\n\t\t\t\t\t\r\n\t\t\t\t\t<div class=\"style-three\">\r\n\r\n\t\t\t\t<div class=\"section-title t_center\">\r\n\t\t\t\t\t\r\n\t\t\t\t\t \r\n\t\t\t\t\t\t<h3>Hospitalis\u00e9 le coeur serein<\/h3>\r\n\t\t\t\t\t\r\n\t\t\t\t\t\r\n\t\t\t\t\t \r\n\t\t\t\t\t\t<p>En termes de sant\u00e9, trois domaines doivent retenir votre attention : les hospitalisations, les soins ambulatoires et les soins dentaires.\n\nNotre objectif est d'assurer la tranquillit\u00e9 d'esprit de nos clients en leur offrant une couverture m\u00e9dicale compl\u00e8te et adapt\u00e9e \u00e0 leurs besoins individuels. <\/p>\r\n\t\t\t\t\t\r\n\r\n\r\n\t\t\t\t<\/div>\t\r\n\r\n\t\t\t<\/div>\r\n\r\n\t\t\r\n\t\t\t\t\t\t<\/div>\n\t\t\t\t<\/div>\n\t\t\t\t<section class=\"elementor-section elementor-inner-section elementor-element elementor-element-7f972a2 elementor-section-boxed elementor-section-height-default elementor-section-height-default\" data-id=\"7f972a2\" data-element_type=\"section\" data-e-type=\"section\">\n\t\t\t\t\t\t<div class=\"elementor-container elementor-column-gap-default\">\n\t\t\t\t\t<div class=\"elementor-column elementor-col-100 elementor-inner-column elementor-element elementor-element-0bae126\" data-id=\"0bae126\" data-element_type=\"column\" data-e-type=\"column\">\n\t\t\t<div class=\"elementor-widget-wrap elementor-element-populated\">\n\t\t\t\t\t\t<div class=\"elementor-element elementor-element-6177473 elementor-widget elementor-widget-iconbox\" data-id=\"6177473\" data-element_type=\"widget\" data-e-type=\"widget\" data-widget_type=\"iconbox.default\">\n\t\t\t\t<div class=\"elementor-widget-container\">\n\t\t\t\t\t\n\t\t\n\t\t<div class=\"icon-box\">\n\n\t\t\t<div class=\"icon-box-icon\">\n\n\t\t\t\t\t\t\t\t<div class=\"icon\">\n\t\t\t\t\t<i class=\"fas fa-hospital-symbol\"><\/i>\n\t\t\t\t<\/div>\n\n\t\t\t\t\n\t\t\t<\/div>\n\n\t\t\t<div class=\"icon-box-content\">\n\t\t\t\t<div class=\"title\">\n\t\t\t\t\t<h2>Soins Ambulatoires<\/h2>\n\t\t\t\t<\/div>\n\t\t\t\t<div class=\"description\">\n\t\t\t\t\t<p>De plus en plus de prises en charge m\u00e9dicales se d\u00e9roulent sans admission \u00e0 l\u2019h\u00f4pital.  \nCela veut \u00e9galement dire que ces frais ne sont pas pris en compte dans votre assurance hospitalisation. \nNous vous proposons\u00a0l\u2019assurance frais ambulatoires\u00a0qui rembourse en bonne partie les frais tels que les m\u00e9dicaments, les consultations m\u00e9dicales,\n les verres de lunettes ou les lentilles, les proth\u00e8ses, les soins infirmiers, la kin\u00e9sith\u00e9rapie, la physioth\u00e9rapie et m\u00eame les frais hom\u00e9opathiques,\nost\u00e9opathiques, d\u2019acupuncture et de chiropractie prescrits par un m\u00e9decin. \nCes frais sont rembours\u00e9s, m\u00eame si votre mutuelle ne les prend pas en charge.<\/p>\n\t\t\t\t<\/div>\n\t\t\t<\/div>\n\t\t<\/div>\n\n\t\t\n\t\t\t\t\t\t<\/div>\n\t\t\t\t<\/div>\n\t\t\t\t<div class=\"elementor-element elementor-element-f09c466 elementor-align-center elementor-widget elementor-widget-button\" data-id=\"f09c466\" data-element_type=\"widget\" data-e-type=\"widget\" data-widget_type=\"button.default\">\n\t\t\t\t<div class=\"elementor-widget-container\">\n\t\t\t\t\t\t\t\t\t<div class=\"elementor-button-wrapper\">\n\t\t\t\t\t<a class=\"elementor-button elementor-button-link elementor-size-sm\" href=\"https:\/\/quercus-rc.fun\/contact\/\">\n\t\t\t\t\t\t<span class=\"elementor-button-content-wrapper\">\n\t\t\t\t\t\t<span class=\"elementor-button-icon\">\n\t\t\t\t<i aria-hidden=\"true\" class=\"fas fa-info-circle\"><\/i>\t\t\t<\/span>\n\t\t\t\t\t\t\t\t\t<span class=\"elementor-button-text\">Contactez-nous<\/span>\n\t\t\t\t\t<\/span>\n\t\t\t\t\t<\/a>\n\t\t\t\t<\/div>\n\t\t\t\t\t\t\t\t<\/div>\n\t\t\t\t<\/div>\n\t\t\t\t\t<\/div>\n\t\t<\/div>\n\t\t\t\t\t<\/div>\n\t\t<\/section>\n\t\t\t\t<section class=\"elementor-section elementor-inner-section elementor-element elementor-element-c6fca48 elementor-section-boxed elementor-section-height-default elementor-section-height-default\" data-id=\"c6fca48\" data-element_type=\"section\" data-e-type=\"section\">\n\t\t\t\t\t\t<div class=\"elementor-container elementor-column-gap-default\">\n\t\t\t\t\t<div class=\"elementor-column elementor-col-100 elementor-inner-column elementor-element elementor-element-c5da06f\" data-id=\"c5da06f\" data-element_type=\"column\" data-e-type=\"column\">\n\t\t\t<div class=\"elementor-widget-wrap elementor-element-populated\">\n\t\t\t\t\t\t<div class=\"elementor-element elementor-element-3dbedcb elementor-widget elementor-widget-iconbox\" data-id=\"3dbedcb\" data-element_type=\"widget\" data-e-type=\"widget\" data-widget_type=\"iconbox.default\">\n\t\t\t\t<div class=\"elementor-widget-container\">\n\t\t\t\t\t\n\t\t\n\t\t<div class=\"icon-box\">\n\n\t\t\t<div class=\"icon-box-icon\">\n\n\t\t\t\t\t\t\t\t<div class=\"icon\">\n\t\t\t\t\t<i class=\"fas fa-hospital-symbol\"><\/i>\n\t\t\t\t<\/div>\n\n\t\t\t\t\n\t\t\t<\/div>\n\n\t\t\t<div class=\"icon-box-content\">\n\t\t\t\t<div class=\"title\">\n\t\t\t\t\t<h2>Hospitalisation<\/h2>\n\t\t\t\t<\/div>\n\t\t\t\t<div class=\"description\">\n\t\t\t\t\t<p>Vous \u00eates victime d'un accident ou avez un malaise et atterrissez \u00e0 l'h\u00f4pital. Qui va payer ?  Votre mutuelle prend en charge le remboursement l\u00e9gal. Le reste ? Vous le sortez de votre poche. Si vous n'avez pas d'assurance compl\u00e9mentaire, cela peut parfois faire tr\u00e8s mal au portefeuille. \n\nIl existe deux mani\u00e8res de s'assurer pour les frais d'hospitalisation : Souscrire une assurance hospitalisation ou votre employeur vous propose une assurance hospitalisation collective. \n\nUn avantage extral\u00e9gal non-n\u00e9gligeable qui prend fin su votre contrat prend fin ou si vous partez s\u00e9journer \u00e0 l'\u00e9tranger. <\/p>\n\t\t\t\t<\/div>\n\t\t\t<\/div>\n\t\t<\/div>\n\n\t\t\n\t\t\t\t\t\t<\/div>\n\t\t\t\t<\/div>\n\t\t\t\t<div class=\"elementor-element elementor-element-ee7bae1 elementor-align-center elementor-widget elementor-widget-button\" data-id=\"ee7bae1\" data-element_type=\"widget\" data-e-type=\"widget\" data-widget_type=\"button.default\">\n\t\t\t\t<div class=\"elementor-widget-container\">\n\t\t\t\t\t\t\t\t\t<div class=\"elementor-button-wrapper\">\n\t\t\t\t\t<a class=\"elementor-button elementor-button-link elementor-size-sm\" href=\"https:\/\/quercus-rc.fun\/contact\/\">\n\t\t\t\t\t\t<span class=\"elementor-button-content-wrapper\">\n\t\t\t\t\t\t<span class=\"elementor-button-icon\">\n\t\t\t\t<i aria-hidden=\"true\" class=\"fas fa-info-circle\"><\/i>\t\t\t<\/span>\n\t\t\t\t\t\t\t\t\t<span class=\"elementor-button-text\">Contactez-nous<\/span>\n\t\t\t\t\t<\/span>\n\t\t\t\t\t<\/a>\n\t\t\t\t<\/div>\n\t\t\t\t\t\t\t\t<\/div>\n\t\t\t\t<\/div>\n\t\t\t\t\t<\/div>\n\t\t<\/div>\n\t\t\t\t\t<\/div>\n\t\t<\/section>\n\t\t\t\t<section class=\"elementor-section elementor-inner-section elementor-element elementor-element-f13d842 elementor-section-boxed elementor-section-height-default elementor-section-height-default\" data-id=\"f13d842\" data-element_type=\"section\" data-e-type=\"section\">\n\t\t\t\t\t\t<div class=\"elementor-container elementor-column-gap-default\">\n\t\t\t\t\t<div class=\"elementor-column elementor-col-100 elementor-inner-column elementor-element elementor-element-37035b7\" data-id=\"37035b7\" data-element_type=\"column\" data-e-type=\"column\">\n\t\t\t<div class=\"elementor-widget-wrap elementor-element-populated\">\n\t\t\t\t\t\t<div class=\"elementor-element elementor-element-9a76655 elementor-widget elementor-widget-iconbox\" data-id=\"9a76655\" data-element_type=\"widget\" data-e-type=\"widget\" data-widget_type=\"iconbox.default\">\n\t\t\t\t<div class=\"elementor-widget-container\">\n\t\t\t\t\t\n\t\t\n\t\t<div class=\"icon-box\">\n\n\t\t\t<div class=\"icon-box-icon\">\n\n\t\t\t\t\t\t\t\t<div class=\"icon\">\n\t\t\t\t\t<i class=\"fas fa-hospital-symbol\"><\/i>\n\t\t\t\t<\/div>\n\n\t\t\t\t\n\t\t\t<\/div>\n\n\t\t\t<div class=\"icon-box-content\">\n\t\t\t\t<div class=\"title\">\n\t\t\t\t\t<h2>Soins Dentaires<\/h2>\n\t\t\t\t<\/div>\n\t\t\t\t<div class=\"description\">\n\t\t\t\t\t<p>Un probl\u00e8me aux dents, en plus de faire tr\u00e8s mal, peut vous co\u00fbter tr\u00e8s cher. Les mutuelles ne remboursent qu'une infirme partie des frais r\u00e9els sur base de l'assurance maladie l\u00e9gale. Un traitement d'orthodontie peut facilement se chiffrer en milliers d'euros. N'attendez pas trop longtemps avant de souscrire une assurance soins dentaires, en effet,  cette assurance pr\u00e9voit certains stages d'attente. <\/p>\n\t\t\t\t<\/div>\n\t\t\t<\/div>\n\t\t<\/div>\n\n\t\t\n\t\t\t\t\t\t<\/div>\n\t\t\t\t<\/div>\n\t\t\t\t<div class=\"elementor-element elementor-element-c559b69 elementor-align-center elementor-widget elementor-widget-button\" data-id=\"c559b69\" data-element_type=\"widget\" data-e-type=\"widget\" data-widget_type=\"button.default\">\n\t\t\t\t<div class=\"elementor-widget-container\">\n\t\t\t\t\t\t\t\t\t<div class=\"elementor-button-wrapper\">\n\t\t\t\t\t<a class=\"elementor-button elementor-button-link elementor-size-sm\" href=\"https:\/\/quercus-rc.fun\/contact\/\">\n\t\t\t\t\t\t<span class=\"elementor-button-content-wrapper\">\n\t\t\t\t\t\t<span class=\"elementor-button-icon\">\n\t\t\t\t<i aria-hidden=\"true\" class=\"fas fa-info-circle\"><\/i>\t\t\t<\/span>\n\t\t\t\t\t\t\t\t\t<span class=\"elementor-button-text\">Contactez-nous<\/span>\n\t\t\t\t\t<\/span>\n\t\t\t\t\t<\/a>\n\t\t\t\t<\/div>\n\t\t\t\t\t\t\t\t<\/div>\n\t\t\t\t<\/div>\n\t\t\t\t\t<\/div>\n\t\t<\/div>\n\t\t\t\t\t<\/div>\n\t\t<\/section>\n\t\t\t\t<section class=\"elementor-section elementor-inner-section elementor-element elementor-element-990ef1c elementor-hidden-desktop elementor-hidden-tablet elementor-hidden-mobile elementor-section-boxed elementor-section-height-default elementor-section-height-default\" data-id=\"990ef1c\" data-element_type=\"section\" data-e-type=\"section\">\n\t\t\t\t\t\t<div class=\"elementor-container elementor-column-gap-default\">\n\t\t\t\t\t<div class=\"elementor-column elementor-col-50 elementor-inner-column elementor-element elementor-element-30c6c92\" data-id=\"30c6c92\" data-element_type=\"column\" data-e-type=\"column\">\n\t\t\t<div class=\"elementor-widget-wrap elementor-element-populated\">\n\t\t\t\t\t\t<div class=\"elementor-element elementor-element-9482d27 elementor-widget elementor-widget-iconbox\" data-id=\"9482d27\" data-element_type=\"widget\" data-e-type=\"widget\" data-widget_type=\"iconbox.default\">\n\t\t\t\t<div class=\"elementor-widget-container\">\n\t\t\t\t\t\n\t\t\n\t\t<div class=\"icon-box\">\n\n\t\t\t<div class=\"icon-box-icon\">\n\n\t\t\t\t\t\t\t\t<div class=\"icon\">\n\t\t\t\t\t<i class=\"fas fa-house-damage\"><\/i>\n\t\t\t\t<\/div>\n\n\t\t\t\t\n\t\t\t<\/div>\n\n\t\t\t<div class=\"icon-box-content\">\n\t\t\t\t<div class=\"title\">\n\t\t\t\t\t<h2>Accidents<\/h2>\n\t\t\t\t<\/div>\n\t\t\t\t<div class=\"description\">\n\t\t\t\t\t<p>Face aux impr\u00e9vus, ne laissez pas le sort d\u00e9cider. Prenez les devants ! <\/p>\n\t\t\t\t<\/div>\n\t\t\t<\/div>\n\t\t<\/div>\n\n\t\t\n\t\t\t\t\t\t<\/div>\n\t\t\t\t<\/div>\n\t\t\t\t<div class=\"elementor-element elementor-element-6b27bd9 elementor-align-center elementor-widget elementor-widget-button\" data-id=\"6b27bd9\" data-element_type=\"widget\" data-e-type=\"widget\" data-widget_type=\"button.default\">\n\t\t\t\t<div class=\"elementor-widget-container\">\n\t\t\t\t\t\t\t\t\t<div class=\"elementor-button-wrapper\">\n\t\t\t\t\t<a class=\"elementor-button elementor-button-link elementor-size-sm\" href=\"#\">\n\t\t\t\t\t\t<span class=\"elementor-button-content-wrapper\">\n\t\t\t\t\t\t<span class=\"elementor-button-icon\">\n\t\t\t\t<i aria-hidden=\"true\" class=\"fas fa-info-circle\"><\/i>\t\t\t<\/span>\n\t\t\t\t\t\t\t\t\t<span class=\"elementor-button-text\">En savoir plus<\/span>\n\t\t\t\t\t<\/span>\n\t\t\t\t\t<\/a>\n\t\t\t\t<\/div>\n\t\t\t\t\t\t\t\t<\/div>\n\t\t\t\t<\/div>\n\t\t\t\t\t<\/div>\n\t\t<\/div>\n\t\t\t\t<div class=\"elementor-column elementor-col-50 elementor-inner-column elementor-element elementor-element-878b5bc\" data-id=\"878b5bc\" data-element_type=\"column\" data-e-type=\"column\">\n\t\t\t<div class=\"elementor-widget-wrap elementor-element-populated\">\n\t\t\t\t\t\t<div class=\"elementor-element elementor-element-b466ee8 elementor-widget elementor-widget-iconbox\" data-id=\"b466ee8\" data-element_type=\"widget\" data-e-type=\"widget\" data-widget_type=\"iconbox.default\">\n\t\t\t\t<div class=\"elementor-widget-container\">\n\t\t\t\t\t\n\t\t\n\t\t<div class=\"icon-box\">\n\n\t\t\t<div class=\"icon-box-icon\">\n\n\t\t\t\t\t\t\t\t<div class=\"icon\">\n\t\t\t\t\t<i class=\"far fa-building\"><\/i>\n\t\t\t\t<\/div>\n\n\t\t\t\t\n\t\t\t<\/div>\n\n\t\t\t<div class=\"icon-box-content\">\n\t\t\t\t<div class=\"title\">\n\t\t\t\t\t<h2>D\u00e9c\u00e8s<\/h2>\n\t\t\t\t<\/div>\n\t\t\t\t<div class=\"description\">\n\t\t\t\t\t<p>Pr\u00e9voyez l'avenir, apportez un soutien financier pour les moments les plus difficiles.<\/p>\n\t\t\t\t<\/div>\n\t\t\t<\/div>\n\t\t<\/div>\n\n\t\t\n\t\t\t\t\t\t<\/div>\n\t\t\t\t<\/div>\n\t\t\t\t<div class=\"elementor-element elementor-element-43ce11b elementor-align-center elementor-widget elementor-widget-button\" data-id=\"43ce11b\" data-element_type=\"widget\" data-e-type=\"widget\" data-widget_type=\"button.default\">\n\t\t\t\t<div class=\"elementor-widget-container\">\n\t\t\t\t\t\t\t\t\t<div class=\"elementor-button-wrapper\">\n\t\t\t\t\t<a class=\"elementor-button elementor-button-link elementor-size-sm\" href=\"#\">\n\t\t\t\t\t\t<span class=\"elementor-button-content-wrapper\">\n\t\t\t\t\t\t<span class=\"elementor-button-icon\">\n\t\t\t\t<i aria-hidden=\"true\" class=\"fas fa-info-circle\"><\/i>\t\t\t<\/span>\n\t\t\t\t\t\t\t\t\t<span class=\"elementor-button-text\">En savoir plus<\/span>\n\t\t\t\t\t<\/span>\n\t\t\t\t\t<\/a>\n\t\t\t\t<\/div>\n\t\t\t\t\t\t\t\t<\/div>\n\t\t\t\t<\/div>\n\t\t\t\t\t<\/div>\n\t\t<\/div>\n\t\t\t\t\t<\/div>\n\t\t<\/section>\n\t\t\t\t\t<\/div>\n\t\t<\/div>\n\t\t\t\t\t<\/div>\n\t\t<\/section>\n\t\t\t\t<section class=\"elementor-section elementor-top-section elementor-element elementor-element-6834126 elementor-section-boxed elementor-section-height-default elementor-section-height-default\" data-id=\"6834126\" data-element_type=\"section\" data-e-type=\"section\">\n\t\t\t\t\t\t<div class=\"elementor-container elementor-column-gap-default\">\n\t\t\t\t\t<div class=\"elementor-column elementor-col-100 elementor-top-column elementor-element elementor-element-6e57ec6\" data-id=\"6e57ec6\" data-element_type=\"column\" data-e-type=\"column\">\n\t\t\t<div class=\"elementor-widget-wrap elementor-element-populated\">\n\t\t\t\t\t\t<div class=\"elementor-element elementor-element-ddc49cf elementor-widget elementor-widget-sectiontitle\" data-id=\"ddc49cf\" data-element_type=\"widget\" data-e-type=\"widget\" data-widget_type=\"sectiontitle.default\">\n\t\t\t\t<div class=\"elementor-widget-container\">\n\t\t\t\t\t\r\n\t\t\t\t\t<div class=\"style-three\">\r\n\r\n\t\t\t\t<div class=\"section-title t_center\">\r\n\t\t\t\t\t \r\n\t\t\t\t\t\t<h5>T\u00e9moignages<\/h5>\r\n\t\t\t\t\t\r\n\t\t\t\t\t \r\n\t\t\t\t\t\t<h3>Ce que pensent nos clients<\/h3>\r\n\t\t\t\t\t\r\n\t\t\t\t\t\r\n\t\t\t\t\t\r\n\r\n\r\n\t\t\t\t<\/div>\t\r\n\r\n\t\t\t<\/div>\r\n\r\n\t\t\r\n\t\t\t\t\t\t<\/div>\n\t\t\t\t<\/div>\n\t\t\t\t<section class=\"elementor-section elementor-inner-section elementor-element elementor-element-530a2fe elementor-section-content-top elementor-section-boxed elementor-section-height-default elementor-section-height-default\" data-id=\"530a2fe\" data-element_type=\"section\" data-e-type=\"section\">\n\t\t\t\t\t\t<div class=\"elementor-container elementor-column-gap-default\">\n\t\t\t\t\t<div class=\"elementor-column elementor-col-100 elementor-inner-column elementor-element elementor-element-db17d50\" data-id=\"db17d50\" data-element_type=\"column\" data-e-type=\"column\">\n\t\t\t<div class=\"elementor-widget-wrap elementor-element-populated\">\n\t\t\t\t\t\t<div class=\"elementor-element elementor-element-569eec6 elementor-widget__width-initial elementor-widget elementor-widget-testimonial\" data-id=\"569eec6\" data-element_type=\"widget\" data-e-type=\"widget\" data-widget_type=\"testimonial.default\">\n\t\t\t\t<div class=\"elementor-widget-container\">\n\t\t\t\t\t\t\t\n\n\n\n\t\t\n\t\t\t<div class=\"testimonial_list owl-carousel owl-loaded curosel-style owl-loaded owl-drag testimonial-style-three\">\n\n\t\t\t\t\t\t\t\t<div class=\"col-md-12\">\t\n\n\t\t\t\t\t<div class=\"single_testimonial\">\n\t\t\t\t\t\t\t\t\t\t\t\t\t\n\t\t\t\t\t\t\n\t\t\t\t\t\t\t\t\t\t\t\t\t\n\t\t\t\t\t\t<div class=\"testi_content\">\n\t\t\t\t\t\t\t<div class=\"em_testi_text\">\n\t\t\t\t\t\t\t\tNous sommes tr\u00e8s heureux de travailler avec M. Ren\u00e9 Sempels de Quercus Risk & Capital. Toujours tr\u00e8s r\u00e9actif \u00e0 nos demandes et connaissant bien ses produits, M. Sempels nous a aid\u00e9s \u00e0 am\u00e9liorer nos co\u00fbts de pension de mani\u00e8re drastique, tout en donnant une formation r\u00e9guli\u00e8re \u00e0 nos employ\u00e9s.\t\t\t\t\t\t\t<\/div>\n\t\t\t\t\t\t<\/div>\n\n\t\t\t\t\t\t<div class=\"test_thumb\">\n\t\t\t\t\t\t\t<img decoding=\"async\" src=\"\" alt=\"\">\n\t\t\t\t\t\t<\/div>\n\n\t\t\t\t\t\t<div class=\"testi_title\">\n\n\t\t\t\t\t\t\t<div class=\"reviews_rating\">\n\n\t\t\t\t\t\t\t\t\t\t\t\t\t\t\t\t<div class=\"testi-star\">\n\t\t\t\t\t\t\t\t\t<i class=\"fa fa-star active\"><\/i>\n\t\t\t\t\t\t\t\t\t<i class=\"fa fa-star active\"><\/i>\n\t\t\t\t\t\t\t\t\t<i class=\"fa fa-star active\"><\/i>\n\t\t\t\t\t\t\t\t\t<i class=\"fa fa-star active\"><\/i>\n\t\t\t\t\t\t\t\t\t<i class=\"fa fa-star active\"><\/i>\n\t\t\t\t\t\t\t\t<\/div>\n\t\t\t\t\t\t\t\t\t\t\t\t\n\t\t\t\t\t\t\t\t\n\t\t\t\t\t\t\t\t\t\t\t\t\t\t\t\t\n\t\t\t\t\t\t\t\t\t\t\t\t\t\t\t\t\n\t\t\t\t\t\t\t\t\t\t\t\t\t\t\t\t\n\t\t\t\t\t\t\t\t\t\t\t\t\t\t\t<\/div><!-- .reviews_rating -->\n\n\t\t\t\t\t\t\t<h2>Marc Housieaux<span>Kartesia Belgium<\/span><\/h2>\n\t\t\t\t\t\t<\/div>\n\n\t\t\t\t\t<\/div>\n\t\t\t\t<\/div>\n\t\t\t\t\t\t\t\t<div class=\"col-md-12\">\t\n\n\t\t\t\t\t<div class=\"single_testimonial\">\n\t\t\t\t\t\t\t\t\t\t\t\t\t\n\t\t\t\t\t\t\n\t\t\t\t\t\t\t\t\t\t\t\t\t\n\t\t\t\t\t\t<div class=\"testi_content\">\n\t\t\t\t\t\t\t<div class=\"em_testi_text\">\n\t\t\t\t\t\t\t\tJe suis heureuse de reconna\u00eetre le service exceptionnel, la disponibilit\u00e9 et la comp\u00e9tence professionnelle de mon courtier. Il est toujours rassurant de savoir que l'on est entre de bonnes mains lorsqu'il s'agit de ses besoins en mati\u00e8re d'assurance et de finances. Je ne peux que vivement le recommander.\t\t\t\t\t\t\t<\/div>\n\t\t\t\t\t\t<\/div>\n\n\t\t\t\t\t\t<div class=\"test_thumb\">\n\t\t\t\t\t\t\t<img decoding=\"async\" src=\"\" alt=\"\">\n\t\t\t\t\t\t<\/div>\n\n\t\t\t\t\t\t<div class=\"testi_title\">\n\n\t\t\t\t\t\t\t<div class=\"reviews_rating\">\n\n\t\t\t\t\t\t\t\t\t\t\t\t\t\t\t\t<div class=\"testi-star\">\n\t\t\t\t\t\t\t\t\t<i class=\"fa fa-star active\"><\/i>\n\t\t\t\t\t\t\t\t\t<i class=\"fa fa-star active\"><\/i>\n\t\t\t\t\t\t\t\t\t<i class=\"fa fa-star active\"><\/i>\n\t\t\t\t\t\t\t\t\t<i class=\"fa fa-star active\"><\/i>\n\t\t\t\t\t\t\t\t\t<i class=\"fa fa-star active\"><\/i>\n\t\t\t\t\t\t\t\t<\/div>\n\t\t\t\t\t\t\t\t\t\t\t\t\n\t\t\t\t\t\t\t\t\n\t\t\t\t\t\t\t\t\t\t\t\t\t\t\t\t\n\t\t\t\t\t\t\t\t\t\t\t\t\t\t\t\t\n\t\t\t\t\t\t\t\t\t\t\t\t\t\t\t\t\n\t\t\t\t\t\t\t\t\t\t\t\t\t\t\t<\/div><!-- .reviews_rating -->\n\n\t\t\t\t\t\t\t<h2>Dr Fran\u00e7oise Gheur<span>Louvain-La-Neuve<\/span><\/h2>\n\t\t\t\t\t\t<\/div>\n\n\t\t\t\t\t<\/div>\n\t\t\t\t<\/div>\n\t\t\t\t\t\t\t\t<div class=\"col-md-12\">\t\n\n\t\t\t\t\t<div class=\"single_testimonial\">\n\t\t\t\t\t\t\t\t\t\t\t\t\t\n\t\t\t\t\t\t\n\t\t\t\t\t\t\t\t\t\t\t\t\t\n\t\t\t\t\t\t<div class=\"testi_content\">\n\t\t\t\t\t\t\t<div class=\"em_testi_text\">\n\t\t\t\t\t\t\t\tDepuis que Ren\u00e9 Sempels a pris en charge la gestion de ma rente, j'ai constat\u00e9 qu'il \u00e9tait toujours pr\u00eat \u00e0 aller plus loin pour d\u00e9fendre mes int\u00e9r\u00eats tout en traitant avec les compagnies d'assurance de mani\u00e8re efficace et constructive et en me tenant pleinement inform\u00e9 de l'\u00e9volution de la situation.\t\t\t\t\t\t\t<\/div>\n\t\t\t\t\t\t<\/div>\n\n\t\t\t\t\t\t<div class=\"test_thumb\">\n\t\t\t\t\t\t\t<img decoding=\"async\" src=\"\" alt=\"\">\n\t\t\t\t\t\t<\/div>\n\n\t\t\t\t\t\t<div class=\"testi_title\">\n\n\t\t\t\t\t\t\t<div class=\"reviews_rating\">\n\n\t\t\t\t\t\t\t\t\t\t\t\t\t\t\t\t<div class=\"testi-star\">\n\t\t\t\t\t\t\t\t\t<i class=\"fa fa-star active\"><\/i>\n\t\t\t\t\t\t\t\t\t<i class=\"fa fa-star active\"><\/i>\n\t\t\t\t\t\t\t\t\t<i class=\"fa fa-star active\"><\/i>\n\t\t\t\t\t\t\t\t\t<i class=\"fa fa-star active\"><\/i>\n\t\t\t\t\t\t\t\t\t<i class=\"fa fa-star active\"><\/i>\n\t\t\t\t\t\t\t\t<\/div>\n\t\t\t\t\t\t\t\t\t\t\t\t\n\t\t\t\t\t\t\t\t\n\t\t\t\t\t\t\t\t\t\t\t\t\t\t\t\t\n\t\t\t\t\t\t\t\t\t\t\t\t\t\t\t\t\n\t\t\t\t\t\t\t\t\t\t\t\t\t\t\t\t\n\t\t\t\t\t\t\t\t\t\t\t\t\t\t\t<\/div><!-- .reviews_rating -->\n\n\t\t\t\t\t\t\t<h2>Nick Lockett<span>Royaume-Uni<\/span><\/h2>\n\t\t\t\t\t\t<\/div>\n\n\t\t\t\t\t<\/div>\n\t\t\t\t<\/div>\n\t\t\t\t\t\t\t\t<div class=\"col-md-12\">\t\n\n\t\t\t\t\t<div class=\"single_testimonial\">\n\t\t\t\t\t\t\t\t\t\t\t\t\t\n\t\t\t\t\t\t\n\t\t\t\t\t\t\t\t\t\t\t\t\t\n\t\t\t\t\t\t<div class=\"testi_content\">\n\t\t\t\t\t\t\t<div class=\"em_testi_text\">\n\t\t\t\t\t\t\t\tLes conseillers de Quercus Risk & capital sont des g\u00e9nies en planification de patrimoine. Nous avons mis en place une strat\u00e9gie solide pour g\u00e9rer et faire cro\u00eetre mes actifs gr\u00e2ce \u00e0 une gestion d\u00e9di\u00e9e.\nJe suis extr\u00eamement reconnaissant d\u2019avoir leur expertise \u00e0 mes c\u00f4t\u00e9s.\t\t\t\t\t\t\t<\/div>\n\t\t\t\t\t\t<\/div>\n\n\t\t\t\t\t\t<div class=\"test_thumb\">\n\t\t\t\t\t\t\t<img decoding=\"async\" src=\"\" alt=\"\">\n\t\t\t\t\t\t<\/div>\n\n\t\t\t\t\t\t<div class=\"testi_title\">\n\n\t\t\t\t\t\t\t<div class=\"reviews_rating\">\n\n\t\t\t\t\t\t\t\t\t\t\t\t\t\t\t\t<div class=\"testi-star\">\n\t\t\t\t\t\t\t\t\t<i class=\"fa fa-star active\"><\/i>\n\t\t\t\t\t\t\t\t\t<i class=\"fa fa-star active\"><\/i>\n\t\t\t\t\t\t\t\t\t<i class=\"fa fa-star active\"><\/i>\n\t\t\t\t\t\t\t\t\t<i class=\"fa fa-star active\"><\/i>\n\t\t\t\t\t\t\t\t\t<i class=\"fa fa-star active\"><\/i>\n\t\t\t\t\t\t\t\t<\/div>\n\t\t\t\t\t\t\t\t\t\t\t\t\n\t\t\t\t\t\t\t\t\n\t\t\t\t\t\t\t\t\t\t\t\t\t\t\t\t\n\t\t\t\t\t\t\t\t\t\t\t\t\t\t\t\t\n\t\t\t\t\t\t\t\t\t\t\t\t\t\t\t\t\n\t\t\t\t\t\t\t\t\t\t\t\t\t\t\t<\/div><!-- .reviews_rating -->\n\n\t\t\t\t\t\t\t<h2>Philip D.<span>Antwerpen<\/span><\/h2>\n\t\t\t\t\t\t<\/div>\n\n\t\t\t\t\t<\/div>\n\t\t\t\t<\/div>\n\t\t\t\t\t\t\t<\/div>\n            <script data-jetpack-boost=\"ignore\">\n            \tjQuery(document).ready(function($) {\n            \t\t\"use strict\";\n            \t\t$('.testimonial_list').owlCarousel({\n            \t\tloop: true,\n            \t\tautoplay: false,\n            \t\tautoplayTimeout: 10000,\n            \t\tdots: true,\n            \t\tnav: false,\n            \t\tnavText: [\"<i class='flaticon-back-1'><\/i>\", \"<i class='fa fa-angle-right'><\/i>\"],\n            \t\tresponsive: {\n            \t\t\t0: {\n            \t\t\t\titems: 1\n            \t\t\t},\n            \t\t\t768: {\n            \t\t\t\titems: 2\n            \t\t\t},\n            \t\t\t992: {\n            \t\t\t\titems: 2\n            \t\t\t},\n            \t\t\t1000: {\n            \t\t\t\titems: 3\n            \t\t\t},\n            \t\t\t1920: {\n            \t\t\t\titems: 3,\n            \t\t\t}\n            \t\t}\n            \t})\n            \t});\n            <\/script>\t\t\t\n\t\t\n\t\t\t\t\t\t\t\t\t\n\t\t\t\t\t\t<\/div>\n\t\t\t\t<\/div>\n\t\t\t\t\t<\/div>\n\t\t<\/div>\n\t\t\t\t\t<\/div>\n\t\t<\/section>\n\t\t\t\t\t<\/div>\n\t\t<\/div>\n\t\t\t\t\t<\/div>\n\t\t<\/section>\n\t\t\t\t<\/div>\n\t\t","protected":false},"excerpt":{"rendered":"<p>Hospitalis\u00e9 le coeur serein En termes de sant\u00e9, trois domaines doivent retenir votre attention : les hospitalisations, les soins ambulatoires et les soins dentaires. Notre objectif est d&#8217;assurer la tranquillit\u00e9 [&hellip;]<\/p>\n","protected":false},"author":103368776,"featured_media":0,"parent":0,"menu_order":0,"comment_status":"closed","ping_status":"closed","template":"page-templates\/template-default.php","meta":{"_crdt_document":"","advanced_seo_description":"","jetpack_seo_html_title":"","jetpack_seo_noindex":false,"jetpack_post_was_ever_published":false,"footnotes":""},"class_list":["post-12585","page","type-page","status-publish","hentry"],"jetpack_likes_enabled":true,"jetpack_sharing_enabled":true,"jetpack_shortlink":"https:\/\/wp.me\/PgPayC-3gZ","jetpack-related-posts":[],"_links":{"self":[{"href":"http:\/\/quercus-rc.be\/en\/wp-json\/wp\/v2\/pages\/12585","targetHints":{"allow":["GET"]}}],"collection":[{"href":"http:\/\/quercus-rc.be\/en\/wp-json\/wp\/v2\/pages"}],"about":[{"href":"http:\/\/quercus-rc.be\/en\/wp-json\/wp\/v2\/types\/page"}],"author":[{"embeddable":true,"href":"http:\/\/quercus-rc.be\/en\/wp-json\/wp\/v2\/users\/103368776"}],"replies":[{"embeddable":true,"href":"http:\/\/quercus-rc.be\/en\/wp-json\/wp\/v2\/comments?post=12585"}],"version-history":[{"count":28,"href":"http:\/\/quercus-rc.be\/en\/wp-json\/wp\/v2\/pages\/12585\/revisions"}],"predecessor-version":[{"id":14434,"href":"http:\/\/quercus-rc.be\/en\/wp-json\/wp\/v2\/pages\/12585\/revisions\/14434"}],"wp:attachment":[{"href":"http:\/\/quercus-rc.be\/en\/wp-json\/wp\/v2\/media?parent=12585"}],"curies":[{"name":"wp","href":"https:\/\/api.w.org\/{rel}","templated":true}]}}