{"id":12595,"date":"2023-09-02T00:26:01","date_gmt":"2023-09-01T22:26:01","guid":{"rendered":"https:\/\/quercus-rc.be\/?page_id=12595"},"modified":"2025-10-21T19:31:42","modified_gmt":"2025-10-21T17:31:42","slug":"epargne-finance-conseil","status":"publish","type":"page","link":"http:\/\/quercus-rc.be\/en\/epargne-finance-conseil\/","title":{"rendered":"Savings, Finance and Advisory Services"},"content":{"rendered":"<div data-elementor-type=\"wp-page\" data-elementor-id=\"12595\" class=\"elementor elementor-12595\">\n\t\t\t\t\t\t<section class=\"elementor-section elementor-top-section elementor-element elementor-element-cacbb48 elementor-section-boxed elementor-section-height-default elementor-section-height-default\" data-id=\"cacbb48\" data-element_type=\"section\" data-e-type=\"section\">\n\t\t\t\t\t\t<div class=\"elementor-container elementor-column-gap-default\">\n\t\t\t\t\t<div class=\"elementor-column elementor-col-100 elementor-top-column elementor-element elementor-element-f2766d3\" data-id=\"f2766d3\" data-element_type=\"column\" data-e-type=\"column\">\n\t\t\t<div class=\"elementor-widget-wrap\">\n\t\t\t\t\t\t\t<\/div>\n\t\t<\/div>\n\t\t\t\t\t<\/div>\n\t\t<\/section>\n\t\t\t\t<section class=\"elementor-section elementor-top-section elementor-element elementor-element-1306833 elementor-section-boxed elementor-section-height-default elementor-section-height-default\" data-id=\"1306833\" data-element_type=\"section\" data-e-type=\"section\">\n\t\t\t\t\t\t<div class=\"elementor-container elementor-column-gap-default\">\n\t\t\t\t\t<div class=\"elementor-column elementor-col-100 elementor-top-column elementor-element elementor-element-7c47be9\" data-id=\"7c47be9\" data-element_type=\"column\" data-e-type=\"column\">\n\t\t\t<div class=\"elementor-widget-wrap elementor-element-populated\">\n\t\t\t\t\t\t<div class=\"elementor-element elementor-element-dfb0e52 elementor-widget elementor-widget-sectiontitle\" data-id=\"dfb0e52\" data-element_type=\"widget\" data-e-type=\"widget\" data-widget_type=\"sectiontitle.default\">\n\t\t\t\t<div class=\"elementor-widget-container\">\n\t\t\t\t\t\r\n\t\t\t\t\t<div class=\"style-three\">\r\n\r\n\t\t\t\t<div class=\"section-title t_center\">\r\n\t\t\t\t\t\r\n\t\t\t\t\t \r\n\t\t\t\t\t\t<h3>Nous faisons \u00e9voluer votre patrimoine<\/h3>\r\n\t\t\t\t\t\r\n\t\t\t\t\t\r\n\t\t\t\t\t \r\n\t\t\t\t\t\t<p>Avec une vision claire et une strat\u00e9gie bien d\u00e9finie, vous pouvez naviguer avec s\u00e9r\u00e9nit\u00e9 dans le monde complexe des finances. Qu'il s'agisse de g\u00e9rer votre croissance financi\u00e8re, d'assurer la p\u00e9rennit\u00e9 de vos biens, ou de pr\u00e9parer une succession, notre expertise en planification financi\u00e8re et patrimoniale vous offre la tranquillit\u00e9 d'esprit et la confiance n\u00e9cessaires pour aborder l'avenir avec optimisme.<\/p>\r\n\t\t\t\t\t\r\n\r\n\r\n\t\t\t\t<\/div>\t\r\n\r\n\t\t\t<\/div>\r\n\r\n\t\t\r\n\t\t\t\t\t\t<\/div>\n\t\t\t\t<\/div>\n\t\t\t\t<section class=\"elementor-section elementor-inner-section elementor-element elementor-element-d3bc9b2 elementor-section-boxed elementor-section-height-default elementor-section-height-default\" data-id=\"d3bc9b2\" data-element_type=\"section\" data-e-type=\"section\">\n\t\t\t\t\t\t<div class=\"elementor-container elementor-column-gap-default\">\n\t\t\t\t\t<div class=\"elementor-column elementor-col-33 elementor-inner-column elementor-element elementor-element-ae610fc\" data-id=\"ae610fc\" data-element_type=\"column\" data-e-type=\"column\" data-settings=\"{&quot;background_background&quot;:&quot;classic&quot;}\">\n\t\t\t<div class=\"elementor-widget-wrap elementor-element-populated\">\n\t\t\t\t\t\t<div class=\"elementor-element elementor-element-c569d21 elementor-widget elementor-widget-flipbox\" data-id=\"c569d21\" data-element_type=\"widget\" data-e-type=\"widget\" data-widget_type=\"flipbox.default\">\n\t\t\t\t<div class=\"elementor-widget-container\">\n\t\t\t\t\t            \r\n\r\n        \r\n        <div class=\"flip-box\">\r\n            <div class=\"flip-box-inner rs-flip-right\">\r\n                <div class=\"flip-box-wrap\">\r\n                    <div class=\"front-part\">\r\n                        <div class=\"front-background-overlay\"><\/div>\r\n                        <div class=\"front-content-part\">\r\n                                                            <div class=\"front-icon-part\">\r\n                                                                            <span class=\"front-icon\"><i class=\"flaticon flaticon-money-2\"><\/i><\/span>\r\n                                                                                                        <\/div>\r\n                            \r\n\r\n                                                            <div class=\"front-title-part\">\r\n                                    <h2 class=\"front-title\">Financial &amp; Wealth planning<\/h2>                                \r\n                                <\/div>\r\n                            \r\n                            \r\n                            \r\n                        <\/div>\r\n                    <\/div><!-- .front-part -->\r\n\r\n                    <div class=\"back-part\">\r\n                        <div class=\"back-background-overlay\"><\/div>\r\n                        <div class=\"back-content-part\">\r\n                            \r\n                                                            <div class=\"back-title-part\">\r\n                                    \r\n                                    <h2 class=\"back-title\">Financial &amp; Wealth planning<\/h2>\r\n                                    \r\n                                <\/div>\r\n                            \r\n                            \r\n                                                            <div class=\"back-btn-part\">\r\n                                    <a class=\"back-btn\" href=\"https:\/\/quercus-rc.be\/en\/financial-wealth-planning\/\">\r\n                                        <span class=\"back-btn-txt\">More<\/span>\r\n                                                                            <\/a>\r\n                                <\/div>\r\n                                                    <\/div>\r\n                        \r\n                    <\/div><!-- .back-part -->\r\n                <\/div><!-- .flip-box-wrap -->\r\n            <\/div><!-- .flip-box-inner -->\r\n        <\/div><!-- .flip-box -->\r\n\r\n        \r\n\r\n        \t\t\t\t<\/div>\n\t\t\t\t<\/div>\n\t\t\t\t\t<\/div>\n\t\t<\/div>\n\t\t\t\t<div class=\"elementor-column elementor-col-33 elementor-inner-column elementor-element elementor-element-5a24248\" data-id=\"5a24248\" data-element_type=\"column\" data-e-type=\"column\">\n\t\t\t<div class=\"elementor-widget-wrap elementor-element-populated\">\n\t\t\t\t\t\t<div class=\"elementor-element elementor-element-fb32d94 elementor-widget elementor-widget-flipbox\" data-id=\"fb32d94\" data-element_type=\"widget\" data-e-type=\"widget\" data-widget_type=\"flipbox.default\">\n\t\t\t\t<div class=\"elementor-widget-container\">\n\t\t\t\t\t            \r\n\r\n        \r\n        <div class=\"flip-box\">\r\n            <div class=\"flip-box-inner rs-flip-right\">\r\n                <div class=\"flip-box-wrap\">\r\n                    <div class=\"front-part\">\r\n                        <div class=\"front-background-overlay\"><\/div>\r\n                        <div class=\"front-content-part\">\r\n                                                            <div class=\"front-icon-part\">\r\n                                                                            <span class=\"front-icon\"><i class=\"fas fa-file-signature\"><\/i><\/span>\r\n                                                                                                        <\/div>\r\n                            \r\n\r\n                                                            <div class=\"front-title-part\">\r\n                                    <h2 class=\"front-title\">Cash investments<\/h2>                                \r\n                                <\/div>\r\n                            \r\n                            \r\n                            \r\n                        <\/div>\r\n                    <\/div><!-- .front-part -->\r\n\r\n                    <div class=\"back-part\">\r\n                        <div class=\"back-background-overlay\"><\/div>\r\n                        <div class=\"back-content-part\">\r\n                            \r\n                                                            <div class=\"back-title-part\">\r\n                                    \r\n                                    <h2 class=\"back-title\">Cash investments<\/h2>\r\n                                    \r\n                                <\/div>\r\n                            \r\n                            \r\n                                                            <div class=\"back-btn-part\">\r\n                                    <a class=\"back-btn\" href=\"https:\/\/quercus-rc.be\/en\/placement-tresorerie\/\">\r\n                                        <span class=\"back-btn-txt\">More<\/span>\r\n                                                                            <\/a>\r\n                                <\/div>\r\n                                                    <\/div>\r\n                        \r\n                    <\/div><!-- .back-part -->\r\n                <\/div><!-- .flip-box-wrap -->\r\n            <\/div><!-- .flip-box-inner -->\r\n        <\/div><!-- .flip-box -->\r\n\r\n        \r\n\r\n        \t\t\t\t<\/div>\n\t\t\t\t<\/div>\n\t\t\t\t\t<\/div>\n\t\t<\/div>\n\t\t\t\t<div class=\"elementor-column elementor-col-33 elementor-inner-column elementor-element elementor-element-9896a57 elementor-hidden-tablet\" data-id=\"9896a57\" data-element_type=\"column\" data-e-type=\"column\">\n\t\t\t<div class=\"elementor-widget-wrap elementor-element-populated\">\n\t\t\t\t\t\t<div class=\"elementor-element elementor-element-032a630 elementor-widget elementor-widget-flipbox\" data-id=\"032a630\" data-element_type=\"widget\" data-e-type=\"widget\" data-widget_type=\"flipbox.default\">\n\t\t\t\t<div class=\"elementor-widget-container\">\n\t\t\t\t\t            \r\n\r\n        \r\n        <div class=\"flip-box\">\r\n            <div class=\"flip-box-inner rs-flip-right\">\r\n                <div class=\"flip-box-wrap\">\r\n                    <div class=\"front-part\">\r\n                        <div class=\"front-background-overlay\"><\/div>\r\n                        <div class=\"front-content-part\">\r\n                                                            <div class=\"front-icon-part\">\r\n                                                                            <span class=\"front-icon\"><i class=\"fas fa-piggy-bank\"><\/i><\/span>\r\n                                                                                                        <\/div>\r\n                            \r\n\r\n                                                            <div class=\"front-title-part\">\r\n                                    <h2 class=\"front-title\">Donation Insurance<\/h2>                                \r\n                                <\/div>\r\n                            \r\n                            \r\n                            \r\n                        <\/div>\r\n                    <\/div><!-- .front-part -->\r\n\r\n                    <div class=\"back-part\">\r\n                        <div class=\"back-background-overlay\"><\/div>\r\n                        <div class=\"back-content-part\">\r\n                            \r\n                                                            <div class=\"back-title-part\">\r\n                                    \r\n                                    <h2 class=\"back-title\">Donation Insurance<\/h2>\r\n                                    \r\n                                <\/div>\r\n                            \r\n                            \r\n                                                            <div class=\"back-btn-part\">\r\n                                    <a class=\"back-btn\" href=\"https:\/\/quercus-rc.be\/en\/assurance-donation\/\">\r\n                                        <span class=\"back-btn-txt\">More<\/span>\r\n                                                                            <\/a>\r\n                                <\/div>\r\n                                                    <\/div>\r\n                        \r\n                    <\/div><!-- .back-part -->\r\n                <\/div><!-- .flip-box-wrap -->\r\n            <\/div><!-- .flip-box-inner -->\r\n        <\/div><!-- .flip-box -->\r\n\r\n        \r\n\r\n        \t\t\t\t<\/div>\n\t\t\t\t<\/div>\n\t\t\t\t\t<\/div>\n\t\t<\/div>\n\t\t\t\t\t<\/div>\n\t\t<\/section>\n\t\t\t\t<section class=\"elementor-section elementor-inner-section elementor-element elementor-element-99d0bac elementor-section-boxed elementor-section-height-default elementor-section-height-default\" data-id=\"99d0bac\" data-element_type=\"section\" data-e-type=\"section\">\n\t\t\t\t\t\t<div class=\"elementor-container elementor-column-gap-default\">\n\t\t\t\t\t<div class=\"elementor-column elementor-col-33 elementor-inner-column elementor-element elementor-element-6d2fd69\" data-id=\"6d2fd69\" data-element_type=\"column\" data-e-type=\"column\" data-settings=\"{&quot;background_background&quot;:&quot;classic&quot;}\">\n\t\t\t<div class=\"elementor-widget-wrap elementor-element-populated\">\n\t\t\t\t\t\t<div class=\"elementor-element elementor-element-bab2712 elementor-widget elementor-widget-flipbox\" data-id=\"bab2712\" data-element_type=\"widget\" data-e-type=\"widget\" data-widget_type=\"flipbox.default\">\n\t\t\t\t<div class=\"elementor-widget-container\">\n\t\t\t\t\t            \r\n\r\n        \r\n        <div class=\"flip-box\">\r\n            <div class=\"flip-box-inner rs-flip-right\">\r\n                <div class=\"flip-box-wrap\">\r\n                    <div class=\"front-part\">\r\n                        <div class=\"front-background-overlay\"><\/div>\r\n                        <div class=\"front-content-part\">\r\n                                                            <div class=\"front-icon-part\">\r\n                                                                            <span class=\"front-icon\"><i class=\"far fa-address-card\"><\/i><\/span>\r\n                                                                                                        <\/div>\r\n                            \r\n\r\n                                                            <div class=\"front-title-part\">\r\n                                    <h2 class=\"front-title\">Dedicated management<\/h2>                                \r\n                                <\/div>\r\n                            \r\n                            \r\n                            \r\n                        <\/div>\r\n                    <\/div><!-- .front-part -->\r\n\r\n                    <div class=\"back-part\">\r\n                        <div class=\"back-background-overlay\"><\/div>\r\n                        <div class=\"back-content-part\">\r\n                            \r\n                                                            <div class=\"back-title-part\">\r\n                                    \r\n                                    <h2 class=\"back-title\">Dedicated management<\/h2>\r\n                                    \r\n                                <\/div>\r\n                            \r\n                            \r\n                                                            <div class=\"back-btn-part\">\r\n                                    <a class=\"back-btn\" href=\"https:\/\/quercus-rc.be\/en\/gestion-dediee\/\">\r\n                                        <span class=\"back-btn-txt\">More<\/span>\r\n                                                                            <\/a>\r\n                                <\/div>\r\n                                                    <\/div>\r\n                        \r\n                    <\/div><!-- .back-part -->\r\n                <\/div><!-- .flip-box-wrap -->\r\n            <\/div><!-- .flip-box-inner -->\r\n        <\/div><!-- .flip-box -->\r\n\r\n        \r\n\r\n        \t\t\t\t<\/div>\n\t\t\t\t<\/div>\n\t\t\t\t\t<\/div>\n\t\t<\/div>\n\t\t\t\t<div class=\"elementor-column elementor-col-33 elementor-inner-column elementor-element elementor-element-918ea97\" data-id=\"918ea97\" data-element_type=\"column\" data-e-type=\"column\">\n\t\t\t<div class=\"elementor-widget-wrap elementor-element-populated\">\n\t\t\t\t\t\t<div class=\"elementor-element elementor-element-b618c1d elementor-hidden-desktop elementor-hidden-tablet elementor-hidden-mobile elementor-widget elementor-widget-flipbox\" data-id=\"b618c1d\" data-element_type=\"widget\" data-e-type=\"widget\" data-widget_type=\"flipbox.default\">\n\t\t\t\t<div class=\"elementor-widget-container\">\n\t\t\t\t\t            \r\n\r\n        \r\n        <div class=\"flip-box\">\r\n            <div class=\"flip-box-inner rs-flip-right\">\r\n                <div class=\"flip-box-wrap\">\r\n                    <div class=\"front-part\">\r\n                        <div class=\"front-background-overlay\"><\/div>\r\n                        <div class=\"front-content-part\">\r\n                                                            <div class=\"front-icon-part\">\r\n                                                                            <span class=\"front-icon\"><i class=\"fas fa-laptop-house\"><\/i><\/span>\r\n                                                                                                        <\/div>\r\n                            \r\n\r\n                                                            <div class=\"front-title-part\">\r\n                                    <h2 class=\"front-title\">Conseil Patrimonial<\/h2>                                \r\n                                <\/div>\r\n                            \r\n                            \r\n                            \r\n                        <\/div>\r\n                    <\/div><!-- .front-part -->\r\n\r\n                    <div class=\"back-part\">\r\n                        <div class=\"back-background-overlay\"><\/div>\r\n                        <div class=\"back-content-part\">\r\n                            \r\n                                                            <div class=\"back-title-part\">\r\n                                    \r\n                                    <h2 class=\"back-title\">Conseil Patrimonial<\/h2>\r\n                                    \r\n                                <\/div>\r\n                            \r\n                            \r\n                                                            <div class=\"back-btn-part\">\r\n                                    <a class=\"back-btn\" href=\"https:\/\/quercus-rc.fun\/conseil-patrimonial\">\r\n                                        <span class=\"back-btn-txt\">More<\/span>\r\n                                                                            <\/a>\r\n                                <\/div>\r\n                                                    <\/div>\r\n                        \r\n                    <\/div><!-- .back-part -->\r\n                <\/div><!-- .flip-box-wrap -->\r\n            <\/div><!-- .flip-box-inner -->\r\n        <\/div><!-- .flip-box -->\r\n\r\n        \r\n\r\n        \t\t\t\t<\/div>\n\t\t\t\t<\/div>\n\t\t\t\t\t<\/div>\n\t\t<\/div>\n\t\t\t\t<div class=\"elementor-column elementor-col-33 elementor-inner-column elementor-element elementor-element-328c7ad elementor-hidden-tablet\" data-id=\"328c7ad\" data-element_type=\"column\" data-e-type=\"column\">\n\t\t\t<div class=\"elementor-widget-wrap elementor-element-populated\">\n\t\t\t\t\t\t<div class=\"elementor-element elementor-element-e9b71e5 elementor-widget elementor-widget-flipbox\" data-id=\"e9b71e5\" data-element_type=\"widget\" data-e-type=\"widget\" data-widget_type=\"flipbox.default\">\n\t\t\t\t<div class=\"elementor-widget-container\">\n\t\t\t\t\t            \r\n\r\n        \r\n        <div class=\"flip-box\">\r\n            <div class=\"flip-box-inner rs-flip-right\">\r\n                <div class=\"flip-box-wrap\">\r\n                    <div class=\"front-part\">\r\n                        <div class=\"front-background-overlay\"><\/div>\r\n                        <div class=\"front-content-part\">\r\n                                                            <div class=\"front-icon-part\">\r\n                                                                            <span class=\"front-icon\"><i class=\"fas fa-piggy-bank\"><\/i><\/span>\r\n                                                                                                        <\/div>\r\n                            \r\n\r\n                                                            <div class=\"front-title-part\">\r\n                                    <h2 class=\"front-title\">Epargne non-fiscale<\/h2>                                \r\n                                <\/div>\r\n                            \r\n                            \r\n                            \r\n                        <\/div>\r\n                    <\/div><!-- .front-part -->\r\n\r\n                    <div class=\"back-part\">\r\n                        <div class=\"back-background-overlay\"><\/div>\r\n                        <div class=\"back-content-part\">\r\n                            \r\n                                                            <div class=\"back-title-part\">\r\n                                    \r\n                                    <h2 class=\"back-title\">Epargne non-fiscale<\/h2>\r\n                                    \r\n                                <\/div>\r\n                            \r\n                            \r\n                                                            <div class=\"back-btn-part\">\r\n                                    <a class=\"back-btn\" href=\"https:\/\/quercus-rc.be\/en\/epargner\/\">\r\n                                        <span class=\"back-btn-txt\">More<\/span>\r\n                                                                            <\/a>\r\n                                <\/div>\r\n                                                    <\/div>\r\n                        \r\n                    <\/div><!-- .back-part -->\r\n                <\/div><!-- .flip-box-wrap -->\r\n            <\/div><!-- .flip-box-inner -->\r\n        <\/div><!-- .flip-box -->\r\n\r\n        \r\n\r\n        \t\t\t\t<\/div>\n\t\t\t\t<\/div>\n\t\t\t\t\t<\/div>\n\t\t<\/div>\n\t\t\t\t\t<\/div>\n\t\t<\/section>\n\t\t\t\t\t<\/div>\n\t\t<\/div>\n\t\t\t\t\t<\/div>\n\t\t<\/section>\n\t\t\t\t<section class=\"elementor-section elementor-top-section elementor-element elementor-element-9743454 elementor-hidden-desktop elementor-hidden-tablet elementor-hidden-mobile elementor-section-boxed elementor-section-height-default elementor-section-height-default\" data-id=\"9743454\" data-element_type=\"section\" data-e-type=\"section\" data-settings=\"{&quot;background_background&quot;:&quot;classic&quot;}\">\n\t\t\t\t\t\t<div class=\"elementor-container elementor-column-gap-default\">\n\t\t\t\t\t<div class=\"elementor-column elementor-col-100 elementor-top-column elementor-element elementor-element-928ccfe\" data-id=\"928ccfe\" data-element_type=\"column\" data-e-type=\"column\">\n\t\t\t<div class=\"elementor-widget-wrap elementor-element-populated\">\n\t\t\t\t\t\t<div class=\"elementor-element elementor-element-4f7d4f8 elementor-widget elementor-widget-sectiontitle\" data-id=\"4f7d4f8\" data-element_type=\"widget\" data-e-type=\"widget\" data-widget_type=\"sectiontitle.default\">\n\t\t\t\t<div class=\"elementor-widget-container\">\n\t\t\t\t\t\r\n\t\t\t\t\t<div class=\"style-three\">\r\n\r\n\t\t\t\t<div class=\"section-title t_center\">\r\n\t\t\t\t\t \r\n\t\t\t\t\t\t<h5>Our services<\/h5>\r\n\t\t\t\t\t\r\n\t\t\t\t\t \r\n\t\t\t\t\t\t<h3>Our partners<\/h3>\r\n\t\t\t\t\t\r\n\t\t\t\t\t\r\n\t\t\t\t\t\r\n\r\n\r\n\t\t\t\t<\/div>\t\r\n\r\n\t\t\t<\/div>\r\n\r\n\t\t\r\n\t\t\t\t\t\t<\/div>\n\t\t\t\t<\/div>\n\t\t\t\t\t<\/div>\n\t\t<\/div>\n\t\t\t\t\t<\/div>\n\t\t<\/section>\n\t\t\t\t<\/div>","protected":false},"excerpt":{"rendered":"<p>Nous faisons \u00e9voluer votre patrimoine Avec une vision claire et une strat\u00e9gie bien d\u00e9finie, vous pouvez naviguer avec s\u00e9r\u00e9nit\u00e9 dans le monde complexe des finances. Qu&#8217;il s&#8217;agisse de g\u00e9rer votre [&hellip;]<\/p>\n","protected":false},"author":103368776,"featured_media":0,"parent":0,"menu_order":0,"comment_status":"closed","ping_status":"closed","template":"page-templates\/template-default.php","meta":{"_crdt_document":"","advanced_seo_description":"","jetpack_seo_html_title":"","jetpack_seo_noindex":false,"jetpack_post_was_ever_published":false,"footnotes":""},"class_list":["post-12595","page","type-page","status-publish","hentry"],"jetpack_likes_enabled":true,"jetpack_sharing_enabled":true,"jetpack_shortlink":"https:\/\/wp.me\/PgPayC-3h9","jetpack-related-posts":[],"_links":{"self":[{"href":"http:\/\/quercus-rc.be\/en\/wp-json\/wp\/v2\/pages\/12595","targetHints":{"allow":["GET"]}}],"collection":[{"href":"http:\/\/quercus-rc.be\/en\/wp-json\/wp\/v2\/pages"}],"about":[{"href":"http:\/\/quercus-rc.be\/en\/wp-json\/wp\/v2\/types\/page"}],"author":[{"embeddable":true,"href":"http:\/\/quercus-rc.be\/en\/wp-json\/wp\/v2\/users\/103368776"}],"replies":[{"embeddable":true,"href":"http:\/\/quercus-rc.be\/en\/wp-json\/wp\/v2\/comments?post=12595"}],"version-history":[{"count":97,"href":"http:\/\/quercus-rc.be\/en\/wp-json\/wp\/v2\/pages\/12595\/revisions"}],"predecessor-version":[{"id":15734,"href":"http:\/\/quercus-rc.be\/en\/wp-json\/wp\/v2\/pages\/12595\/revisions\/15734"}],"wp:attachment":[{"href":"http:\/\/quercus-rc.be\/en\/wp-json\/wp\/v2\/media?parent=12595"}],"curies":[{"name":"wp","href":"https:\/\/api.w.org\/{rel}","templated":true}]}}