{"id":13269,"date":"2023-10-20T15:23:28","date_gmt":"2023-10-20T13:23:28","guid":{"rendered":"https:\/\/quercus-rc.be\/?page_id=13269"},"modified":"2023-11-26T18:55:13","modified_gmt":"2023-11-26T17:55:13","slug":"plan-bonus","status":"publish","type":"page","link":"http:\/\/quercus-rc.be\/en\/plan-bonus\/","title":{"rendered":"Bonus Plan"},"content":{"rendered":"<div data-elementor-type=\"wp-page\" data-elementor-id=\"13269\" class=\"elementor elementor-13269\">\n\t\t\t\t\t\t<section class=\"elementor-section elementor-top-section elementor-element elementor-element-4c1ac24 elementor-section-boxed elementor-section-height-default elementor-section-height-default\" data-id=\"4c1ac24\" data-element_type=\"section\" data-e-type=\"section\">\n\t\t\t\t\t\t<div class=\"elementor-container elementor-column-gap-default\">\n\t\t\t\t\t<div class=\"elementor-column elementor-col-100 elementor-top-column elementor-element elementor-element-002895d\" data-id=\"002895d\" data-element_type=\"column\" data-e-type=\"column\">\n\t\t\t<div class=\"elementor-widget-wrap\">\n\t\t\t\t\t\t\t<\/div>\n\t\t<\/div>\n\t\t\t\t\t<\/div>\n\t\t<\/section>\n\t\t\t\t<section class=\"elementor-section elementor-top-section elementor-element elementor-element-6b3f39f elementor-section-boxed elementor-section-height-default elementor-section-height-default\" data-id=\"6b3f39f\" data-element_type=\"section\" data-e-type=\"section\">\n\t\t\t\t\t\t<div class=\"elementor-container elementor-column-gap-default\">\n\t\t\t\t\t<div class=\"elementor-column elementor-col-100 elementor-top-column elementor-element elementor-element-dd86bbd\" data-id=\"dd86bbd\" data-element_type=\"column\" data-e-type=\"column\">\n\t\t\t<div class=\"elementor-widget-wrap elementor-element-populated\">\n\t\t\t\t\t\t<div class=\"elementor-element elementor-element-69e4761 elementor-widget elementor-widget-sectiontitle\" data-id=\"69e4761\" data-element_type=\"widget\" data-e-type=\"widget\" data-widget_type=\"sectiontitle.default\">\n\t\t\t\t<div class=\"elementor-widget-container\">\n\t\t\t\t\t\r\n\t\t\t\t\t<div class=\"style-three\">\r\n\r\n\t\t\t\t<div class=\"section-title t_center\">\r\n\t\t\t\t\t\r\n\t\t\t\t\t \r\n\t\t\t\t\t\t<h3>Reward outstanding performance with a bonus pension plan<\/h3>\r\n\t\t\t\t\t\r\n\t\t\t\t\t\r\n\t\t\t\t\t\r\n\r\n\r\n\t\t\t\t<\/div>\t\r\n\r\n\t\t\t<\/div>\r\n\r\n\t\t\r\n\t\t\t\t\t\t<\/div>\n\t\t\t\t<\/div>\n\t\t\t\t<div class=\"elementor-element elementor-element-eced70c elementor-widget elementor-widget-heading\" data-id=\"eced70c\" data-element_type=\"widget\" data-e-type=\"widget\" data-widget_type=\"heading.default\">\n\t\t\t\t<div class=\"elementor-widget-container\">\n\t\t\t\t\t<h3 class=\"elementor-heading-title elementor-size-default\">Variable remuneration.<\/h3>\t\t\t\t<\/div>\n\t\t\t\t<\/div>\n\t\t\t\t<div class=\"elementor-element elementor-element-65c9ddf elementor-widget elementor-widget-text-editor\" data-id=\"65c9ddf\" data-element_type=\"widget\" data-e-type=\"widget\" data-widget_type=\"text-editor.default\">\n\t\t\t\t<div class=\"elementor-widget-container\">\n\t\t\t\t\t\t\t\t\t<p style=\"font-weight: 400;\">This is a group insurance policy funded by successive single premiums that enables you to build up a supplementary pension for your employees through variable remuneration.\u00a0<\/p><p style=\"font-weight: 400;\">The unique feature of the Bonus Plan is that the pension bonus is linked to the performance of your employees. Hence its name, the \u201cbonus\u201d pension plan.<\/p><p style=\"font-weight: 400;\">These performances must be measurable in an objective manner.<\/p>\t\t\t\t\t\t\t\t<\/div>\n\t\t\t\t<\/div>\n\t\t\t\t<div class=\"elementor-element elementor-element-491f824 elementor-widget elementor-widget-heading\" data-id=\"491f824\" data-element_type=\"widget\" data-e-type=\"widget\" data-widget_type=\"heading.default\">\n\t\t\t\t<div class=\"elementor-widget-container\">\n\t\t\t\t\t<h3 class=\"elementor-heading-title elementor-size-default\">A winning choice for everyone in terms of taxation<\/h3>\t\t\t\t<\/div>\n\t\t\t\t<\/div>\n\t\t\t\t<div class=\"elementor-element elementor-element-82445d3 elementor-widget elementor-widget-text-editor\" data-id=\"82445d3\" data-element_type=\"widget\" data-e-type=\"widget\" data-widget_type=\"text-editor.default\">\n\t\t\t\t<div class=\"elementor-widget-container\">\n\t\t\t\t\t\t\t\t\t<p style=\"font-weight: 400;\">For employees, a bonus pension scheme is financially much more attractive than a simple salary increase.\u00a0<\/p><p style=\"font-weight: 400;\">And for the company, premiums can be deducted as business expenses as long as you comply with the 80% rule.\u00a0<\/p>\t\t\t\t\t\t\t\t<\/div>\n\t\t\t\t<\/div>\n\t\t\t\t<div class=\"elementor-element elementor-element-96fa40c elementor-widget elementor-widget-heading\" data-id=\"96fa40c\" data-element_type=\"widget\" data-e-type=\"widget\" data-widget_type=\"heading.default\">\n\t\t\t\t<div class=\"elementor-widget-container\">\n\t\t\t\t\t<h3 class=\"elementor-heading-title elementor-size-default\">Prospect of superior returns thanks to Branch 23<\/h3>\t\t\t\t<\/div>\n\t\t\t\t<\/div>\n\t\t\t\t<div class=\"elementor-element elementor-element-76b8a43 elementor-widget elementor-widget-text-editor\" data-id=\"76b8a43\" data-element_type=\"widget\" data-e-type=\"widget\" data-widget_type=\"text-editor.default\">\n\t\t\t\t<div class=\"elementor-widget-container\">\n\t\t\t\t\t\t\t\t\t<p style=\"font-weight: 400;\">Branch 23 certainly does not provide a guaranteed return.<a href=\"https:\/\/www.nn.be\/fr\/entreprises\/alto-bonus#block-feature-product-product-foot-notes\"><sup>3<\/sup><\/a>\u00a0and good years can therefore alternate with less good ones. But the long-term horizon of group insurance makes it possible to limit these risks and increase the likelihood that you will be able to meet your financial commitments as an employer without any problems and that your employees will be able to enjoy a nice additional pension fund.\u00a0<\/p><p style=\"font-weight: 400;\">Consider your peace of mind too. As an employer, you can choose from a wide range of defensive and dynamic Branch 23 investment funds. Thanks to the different profile funds, you can easily choose the level of risk you wish to take, without being responsible for active management. This leaves you in the capable hands of our experts.<\/p><p style=\"font-weight: 400;\">At <strong>Q<\/strong>uercus Risk &amp; Capital, we recommend the use of trackers (also known as ETFs (Exchange Traded Funds)!<\/p>\t\t\t\t\t\t\t\t<\/div>\n\t\t\t\t<\/div>\n\t\t\t\t<div class=\"elementor-element elementor-element-85e42af elementor-widget elementor-widget-heading\" data-id=\"85e42af\" data-element_type=\"widget\" data-e-type=\"widget\" data-widget_type=\"heading.default\">\n\t\t\t\t<div class=\"elementor-widget-container\">\n\t\t\t\t\t<h3 class=\"elementor-heading-title elementor-size-default\">What are the advantages of trackers?<\/h3>\t\t\t\t<\/div>\n\t\t\t\t<\/div>\n\t\t\t\t<div class=\"elementor-element elementor-element-83d5240 elementor-widget elementor-widget-text-editor\" data-id=\"83d5240\" data-element_type=\"widget\" data-e-type=\"widget\" data-widget_type=\"text-editor.default\">\n\t\t\t\t<div class=\"elementor-widget-container\">\n\t\t\t\t\t\t\t\t\t<ul style=\"font-weight: 400;\"><li>Compared to traditional investment funds, trackers have low management fees.<\/li><li>It makes sense: passively tracking an index requires less work than actively selecting and managing a portfolio of shares.<\/li><li>Transparent pricing, which can be set at any time of day. As trackers are listed on the stock exchange, you buy and sell at the current market price. With traditional investment funds, it usually takes a few days before you know how much you are paying or receiving for a purchase or sale.<\/li><li>Diversification opportunities. A golden rule of investing is not to put all your eggs in one basket. With trackers, you can invest small amounts in just about anything whose price or rate is determined by a market mechanism. This allows you to diversify your investment portfolio.<\/li><\/ul>\t\t\t\t\t\t\t\t<\/div>\n\t\t\t\t<\/div>\n\t\t\t\t<div class=\"elementor-element elementor-element-9b132d2 elementor-widget elementor-widget-heading\" data-id=\"9b132d2\" data-element_type=\"widget\" data-e-type=\"widget\" data-widget_type=\"heading.default\">\n\t\t\t\t<div class=\"elementor-widget-container\">\n\t\t\t\t\t<h3 class=\"elementor-heading-title elementor-size-default\">Help with buying a property<\/h3>\t\t\t\t<\/div>\n\t\t\t\t<\/div>\n\t\t\t\t<div class=\"elementor-element elementor-element-d0e9c28 elementor-widget elementor-widget-text-editor\" data-id=\"d0e9c28\" data-element_type=\"widget\" data-e-type=\"widget\" data-widget_type=\"text-editor.default\">\n\t\t\t\t<div class=\"elementor-widget-container\">\n\t\t\t\t\t\t\t\t\t<p style=\"font-weight: 400;\">Does your employee have a property project? With UNE group insurance, you can offer them the opportunity to finance their project on extremely attractive terms through an advance on their contract*. There is no paperwork to complete. We settle everything directly with the employee concerned and the insurance company.<\/p><p style=\"font-weight: 400;\"><em>*The cost and conditions of an advance vary from one company to another, and even from one product to another within the same company.<\/em><\/p>\t\t\t\t\t\t\t\t<\/div>\n\t\t\t\t<\/div>\n\t\t\t\t<div class=\"elementor-element elementor-element-f09c466 elementor-align-center elementor-widget elementor-widget-button\" data-id=\"f09c466\" data-element_type=\"widget\" data-e-type=\"widget\" data-widget_type=\"button.default\">\n\t\t\t\t<div class=\"elementor-widget-container\">\n\t\t\t\t\t\t\t\t\t<div class=\"elementor-button-wrapper\">\n\t\t\t\t\t<a class=\"elementor-button elementor-button-link elementor-size-sm\" href=\"https:\/\/quercus-rc.fun\/contact\/\">\n\t\t\t\t\t\t<span class=\"elementor-button-content-wrapper\">\n\t\t\t\t\t\t<span class=\"elementor-button-icon\">\n\t\t\t\t<i aria-hidden=\"true\" class=\"fas fa-info-circle\"><\/i>\t\t\t<\/span>\n\t\t\t\t\t\t\t\t\t<span class=\"elementor-button-text\">I want to contact Quercus to find out more.<\/span>\n\t\t\t\t\t<\/span>\n\t\t\t\t\t<\/a>\n\t\t\t\t<\/div>\n\t\t\t\t\t\t\t\t<\/div>\n\t\t\t\t<\/div>\n\t\t\t\t\t<\/div>\n\t\t<\/div>\n\t\t\t\t\t<\/div>\n\t\t<\/section>\n\t\t\t\t<\/div>","protected":false},"excerpt":{"rendered":"<p>R\u00e9compensez les performances exceptionnelles avec un plan de pension bonus R\u00e9mun\u00e9ration variable Il s&#8217;agit d&#8217;une assurance de groupe aliment\u00e9e par des primes uniques successives qui vous permet de constituer une [&hellip;]<\/p>\n","protected":false},"author":103368776,"featured_media":0,"parent":0,"menu_order":0,"comment_status":"closed","ping_status":"closed","template":"page-templates\/template-default.php","meta":{"_crdt_document":"","advanced_seo_description":"","jetpack_seo_html_title":"","jetpack_seo_noindex":false,"jetpack_post_was_ever_published":false,"footnotes":""},"class_list":["post-13269","page","type-page","status-publish","hentry"],"jetpack_likes_enabled":true,"jetpack_sharing_enabled":true,"jetpack_shortlink":"https:\/\/wp.me\/PgPayC-3s1","jetpack-related-posts":[],"_links":{"self":[{"href":"http:\/\/quercus-rc.be\/en\/wp-json\/wp\/v2\/pages\/13269","targetHints":{"allow":["GET"]}}],"collection":[{"href":"http:\/\/quercus-rc.be\/en\/wp-json\/wp\/v2\/pages"}],"about":[{"href":"http:\/\/quercus-rc.be\/en\/wp-json\/wp\/v2\/types\/page"}],"author":[{"embeddable":true,"href":"http:\/\/quercus-rc.be\/en\/wp-json\/wp\/v2\/users\/103368776"}],"replies":[{"embeddable":true,"href":"http:\/\/quercus-rc.be\/en\/wp-json\/wp\/v2\/comments?post=13269"}],"version-history":[{"count":13,"href":"http:\/\/quercus-rc.be\/en\/wp-json\/wp\/v2\/pages\/13269\/revisions"}],"predecessor-version":[{"id":14142,"href":"http:\/\/quercus-rc.be\/en\/wp-json\/wp\/v2\/pages\/13269\/revisions\/14142"}],"wp:attachment":[{"href":"http:\/\/quercus-rc.be\/en\/wp-json\/wp\/v2\/media?parent=13269"}],"curies":[{"name":"wp","href":"https:\/\/api.w.org\/{rel}","templated":true}]}}