{"id":13141,"date":"2023-10-08T21:57:54","date_gmt":"2023-10-08T19:57:54","guid":{"rendered":"https:\/\/quercus-rc.be\/?page_id=13141"},"modified":"2023-11-21T14:23:31","modified_gmt":"2023-11-21T13:23:31","slug":"leasing","status":"publish","type":"page","link":"https:\/\/quercus-rc.be\/en\/leasing\/","title":{"rendered":"Leasing"},"content":{"rendered":"<div data-elementor-type=\"wp-page\" data-elementor-id=\"13141\" class=\"elementor elementor-13141\">\n\t\t\t\t\t\t<section class=\"elementor-section elementor-top-section elementor-element elementor-element-4c1ac24 elementor-section-boxed elementor-section-height-default elementor-section-height-default\" data-id=\"4c1ac24\" data-element_type=\"section\" data-e-type=\"section\">\n\t\t\t\t\t\t<div class=\"elementor-container elementor-column-gap-default\">\n\t\t\t\t\t<div class=\"elementor-column elementor-col-100 elementor-top-column elementor-element elementor-element-002895d\" data-id=\"002895d\" data-element_type=\"column\" data-e-type=\"column\">\n\t\t\t<div class=\"elementor-widget-wrap\">\n\t\t\t\t\t\t\t<\/div>\n\t\t<\/div>\n\t\t\t\t\t<\/div>\n\t\t<\/section>\n\t\t\t\t<section class=\"elementor-section elementor-top-section elementor-element elementor-element-6b3f39f elementor-section-boxed elementor-section-height-default elementor-section-height-default\" data-id=\"6b3f39f\" data-element_type=\"section\" data-e-type=\"section\">\n\t\t\t\t\t\t<div class=\"elementor-container elementor-column-gap-default\">\n\t\t\t\t\t<div class=\"elementor-column elementor-col-100 elementor-top-column elementor-element elementor-element-dd86bbd\" data-id=\"dd86bbd\" data-element_type=\"column\" data-e-type=\"column\">\n\t\t\t<div class=\"elementor-widget-wrap elementor-element-populated\">\n\t\t\t\t\t\t<div class=\"elementor-element elementor-element-69e4761 elementor-widget elementor-widget-sectiontitle\" data-id=\"69e4761\" data-element_type=\"widget\" data-e-type=\"widget\" data-widget_type=\"sectiontitle.default\">\n\t\t\t\t<div class=\"elementor-widget-container\">\n\t\t\t\t\t\r\n\t\t\t\t\t<div class=\"style-three\">\r\n\r\n\t\t\t\t<div class=\"section-title t_center\">\r\n\t\t\t\t\t\r\n\t\t\t\t\t \r\n\t\t\t\t\t\t<h3>Nous vous offrons un service de leasing automobile : Go4Lease !<\/h3>\r\n\t\t\t\t\t\r\n\t\t\t\t\t\r\n\t\t\t\t\t\r\n\r\n\r\n\t\t\t\t<\/div>\t\r\n\r\n\t\t\t<\/div>\r\n\r\n\t\t\r\n\t\t\t\t\t\t<\/div>\n\t\t\t\t<\/div>\n\t\t\t\t<section class=\"elementor-section elementor-inner-section elementor-element elementor-element-86acb83 elementor-section-boxed elementor-section-height-default elementor-section-height-default\" data-id=\"86acb83\" data-element_type=\"section\" data-e-type=\"section\">\n\t\t\t\t\t\t<div class=\"elementor-container elementor-column-gap-default\">\n\t\t\t\t\t<div class=\"elementor-column elementor-col-33 elementor-inner-column elementor-element elementor-element-71b7a63\" data-id=\"71b7a63\" data-element_type=\"column\" data-e-type=\"column\">\n\t\t\t<div class=\"elementor-widget-wrap\">\n\t\t\t\t\t\t\t<\/div>\n\t\t<\/div>\n\t\t\t\t<div class=\"elementor-column elementor-col-33 elementor-inner-column elementor-element elementor-element-03ba928\" data-id=\"03ba928\" data-element_type=\"column\" data-e-type=\"column\">\n\t\t\t<div class=\"elementor-widget-wrap elementor-element-populated\">\n\t\t\t\t\t\t<div class=\"elementor-element elementor-element-d573da2 elementor-widget__width-initial elementor-widget elementor-widget-image\" data-id=\"d573da2\" data-element_type=\"widget\" data-e-type=\"widget\" data-widget_type=\"image.default\">\n\t\t\t\t<div class=\"elementor-widget-container\">\n\t\t\t\t\t\t\t\t\t\t\t\t\t\t\t<img fetchpriority=\"high\" decoding=\"async\" data-attachment-id=\"13211\" data-permalink=\"https:\/\/quercus-rc.be\/en\/leasing\/capture-decran-2023-10-09-a-21-16-13\/\" data-orig-file=\"https:\/\/i0.wp.com\/quercus-rc.be\/wp-content\/uploads\/2023\/10\/Capture-decran-2023-10-09-a-21.16.13-e1699698992694.png?fit=1543%2C642&amp;ssl=1\" data-orig-size=\"1543,642\" data-comments-opened=\"1\" data-image-meta=\"{&quot;aperture&quot;:&quot;0&quot;,&quot;credit&quot;:&quot;&quot;,&quot;camera&quot;:&quot;&quot;,&quot;caption&quot;:&quot;&quot;,&quot;created_timestamp&quot;:&quot;0&quot;,&quot;copyright&quot;:&quot;&quot;,&quot;focal_length&quot;:&quot;0&quot;,&quot;iso&quot;:&quot;0&quot;,&quot;shutter_speed&quot;:&quot;0&quot;,&quot;title&quot;:&quot;&quot;,&quot;orientation&quot;:&quot;0&quot;}\" data-image-title=\"Capture d\u2019\u00e9cran 2023-10-09 \u00e0 21.16.13\" data-image-description=\"\" data-image-caption=\"\" data-medium-file=\"https:\/\/i0.wp.com\/quercus-rc.be\/wp-content\/uploads\/2023\/10\/Capture-decran-2023-10-09-a-21.16.13-e1699698992694.png?fit=300%2C125&amp;ssl=1\" data-large-file=\"https:\/\/i0.wp.com\/quercus-rc.be\/wp-content\/uploads\/2023\/10\/Capture-decran-2023-10-09-a-21.16.13-e1699698992694.png?fit=1024%2C426&amp;ssl=1\" width=\"1024\" height=\"426\" src=\"https:\/\/i0.wp.com\/quercus-rc.be\/wp-content\/uploads\/2023\/10\/Capture-decran-2023-10-09-a-21.16.13-e1699698992694.png?fit=1024%2C426&amp;ssl=1\" class=\"attachment-large size-large wp-image-13211\" alt=\"\" srcset=\"https:\/\/i0.wp.com\/quercus-rc.be\/wp-content\/uploads\/2023\/10\/Capture-decran-2023-10-09-a-21.16.13-e1699698992694.png?w=1543&amp;ssl=1 1543w, https:\/\/i0.wp.com\/quercus-rc.be\/wp-content\/uploads\/2023\/10\/Capture-decran-2023-10-09-a-21.16.13-e1699698992694.png?resize=300%2C125&amp;ssl=1 300w, https:\/\/i0.wp.com\/quercus-rc.be\/wp-content\/uploads\/2023\/10\/Capture-decran-2023-10-09-a-21.16.13-e1699698992694.png?resize=1024%2C426&amp;ssl=1 1024w, https:\/\/i0.wp.com\/quercus-rc.be\/wp-content\/uploads\/2023\/10\/Capture-decran-2023-10-09-a-21.16.13-e1699698992694.png?resize=768%2C320&amp;ssl=1 768w, https:\/\/i0.wp.com\/quercus-rc.be\/wp-content\/uploads\/2023\/10\/Capture-decran-2023-10-09-a-21.16.13-e1699698992694.png?resize=1536%2C639&amp;ssl=1 1536w, https:\/\/i0.wp.com\/quercus-rc.be\/wp-content\/uploads\/2023\/10\/Capture-decran-2023-10-09-a-21.16.13-e1699698992694.png?resize=1200%2C499&amp;ssl=1 1200w\" sizes=\"(max-width: 1024px) 100vw, 1024px\" \/>\t\t\t\t\t\t\t\t\t\t\t\t\t\t\t<\/div>\n\t\t\t\t<\/div>\n\t\t\t\t\t<\/div>\n\t\t<\/div>\n\t\t\t\t<div class=\"elementor-column elementor-col-33 elementor-inner-column elementor-element elementor-element-8b3a8ae\" data-id=\"8b3a8ae\" data-element_type=\"column\" data-e-type=\"column\">\n\t\t\t<div class=\"elementor-widget-wrap\">\n\t\t\t\t\t\t\t<\/div>\n\t\t<\/div>\n\t\t\t\t\t<\/div>\n\t\t<\/section>\n\t\t\t\t<div class=\"elementor-element elementor-element-b1af4a5 elementor-widget elementor-widget-spacer\" data-id=\"b1af4a5\" data-element_type=\"widget\" data-e-type=\"widget\" data-widget_type=\"spacer.default\">\n\t\t\t\t<div class=\"elementor-widget-container\">\n\t\t\t\t\t\t\t<div class=\"elementor-spacer\">\n\t\t\t<div class=\"elementor-spacer-inner\"><\/div>\n\t\t<\/div>\n\t\t\t\t\t\t<\/div>\n\t\t\t\t<\/div>\n\t\t\t\t<div class=\"elementor-element elementor-element-92c2ed8 elementor-widget elementor-widget-heading\" data-id=\"92c2ed8\" data-element_type=\"widget\" data-e-type=\"widget\" data-widget_type=\"heading.default\">\n\t\t\t\t<div class=\"elementor-widget-container\">\n\t\t\t\t\t<h3 class=\"elementor-heading-title elementor-size-default\">Pourquoi un leasing auto ? <\/h3>\t\t\t\t<\/div>\n\t\t\t\t<\/div>\n\t\t\t\t<div class=\"elementor-element elementor-element-f28518b elementor-widget elementor-widget-text-editor\" data-id=\"f28518b\" data-element_type=\"widget\" data-e-type=\"widget\" data-widget_type=\"text-editor.default\">\n\t\t\t\t<div class=\"elementor-widget-container\">\n\t\t\t\t\t\t\t\t\t<p>Le march\u00e9 de l\u2019automobile ne cesse d\u2019\u00e9voluer. Multiplication des mod\u00e8les propos\u00e9s par les constructeurs, augmentation des frais d\u2019entretien et de carburant. Ajoutez \u00e0 cela des normes CO2 de plus en plus strictes ou encore des r\u00e8glementations sur la mobilit\u00e9 tr\u00e8s changeantes.<\/p><p style=\"font-weight: 400;\">Dans ces conditions,\u00a0<strong>quelle voiture choisir\u00a0?\u00a0<\/strong>Et via quelle formule\u00a0?<\/p><p style=\"font-weight: 400;\">Go4Lease\u00a0vous propose des\u00a0<strong>solutions de leasing pour particuliers et professionnels<\/strong>.<\/p><p style=\"font-weight: 400;\">Go4Lease vous garantit la simplicit\u00e9 et la transparence d\u2019un leasing con\u00e7u sur mesure pour une\u00a0exp\u00e9rience unique de mobilit\u00e9.<\/p>\t\t\t\t\t\t\t\t<\/div>\n\t\t\t\t<\/div>\n\t\t\t\t<div class=\"elementor-element elementor-element-0cfc769 elementor-widget elementor-widget-heading\" data-id=\"0cfc769\" data-element_type=\"widget\" data-e-type=\"widget\" data-widget_type=\"heading.default\">\n\t\t\t\t<div class=\"elementor-widget-container\">\n\t\t\t\t\t<h3 class=\"elementor-heading-title elementor-size-default\">Les atouts du leasing Go4Lease<\/h3>\t\t\t\t<\/div>\n\t\t\t\t<\/div>\n\t\t\t\t<div class=\"elementor-element elementor-element-2458215 elementor-widget elementor-widget-text-editor\" data-id=\"2458215\" data-element_type=\"widget\" data-e-type=\"widget\" data-widget_type=\"text-editor.default\">\n\t\t\t\t<div class=\"elementor-widget-container\">\n\t\t\t\t\t\t\t\t\t<p>Large choix de marques, mod\u00e8les et options pour une s\u00e9lection sur mesure<\/p><p>\u00a0 Confort de rouler dans un nouveau v\u00e9hicule<\/p><p>\u00a0 Aucun souci de revente du v\u00e9hicule<\/p><p>\u00a0 Un pack de services pour rouler en toute s\u00e9r\u00e9nit\u00e9 Formalit\u00e9s administratives prises en charge<\/p><p>\u00a0 Distinction claire entre le leasing du v\u00e9hicule et les assurances (contrats et factures s\u00e9par\u00e9s)<\/p><p>\u00a0 Des experts r\u00e9unis pour vous offrir le meilleur service<\/p><p>\u00a0 My Arval Mobile : une application qui vous livre toutes les infos relatives \u00e0 votre v\u00e9hicule<\/p>\t\t\t\t\t\t\t\t<\/div>\n\t\t\t\t<\/div>\n\t\t\t\t<div class=\"elementor-element elementor-element-c933c63 elementor-widget elementor-widget-heading\" data-id=\"c933c63\" data-element_type=\"widget\" data-e-type=\"widget\" data-widget_type=\"heading.default\">\n\t\t\t\t<div class=\"elementor-widget-container\">\n\t\t\t\t\t<h3 class=\"elementor-heading-title elementor-size-default\">Go4lease comprend<\/h3>\t\t\t\t<\/div>\n\t\t\t\t<\/div>\n\t\t\t\t<div class=\"elementor-element elementor-element-ed82afd elementor-widget elementor-widget-text-editor\" data-id=\"ed82afd\" data-element_type=\"widget\" data-e-type=\"widget\" data-widget_type=\"text-editor.default\">\n\t\t\t\t<div class=\"elementor-widget-container\">\n\t\t\t\t\t\t\t\t\t<p>Leasing<\/p><p>Frais administratifs<\/p><p>Pneumatiques \u00e9t\u00e9<\/p><p>Entretiens et r\u00e9parations<\/p><p>My Arval Mobile app<\/p>\t\t\t\t\t\t\t\t<\/div>\n\t\t\t\t<\/div>\n\t\t\t\t<div class=\"elementor-element elementor-element-9216dec elementor-widget elementor-widget-heading\" data-id=\"9216dec\" data-element_type=\"widget\" data-e-type=\"widget\" data-widget_type=\"heading.default\">\n\t\t\t\t<div class=\"elementor-widget-container\">\n\t\t\t\t\t<h3 class=\"elementor-heading-title elementor-size-default\">Assurance<\/h3>\t\t\t\t<\/div>\n\t\t\t\t<\/div>\n\t\t\t\t<div class=\"elementor-element elementor-element-65c9ddf elementor-widget elementor-widget-text-editor\" data-id=\"65c9ddf\" data-element_type=\"widget\" data-e-type=\"widget\" data-widget_type=\"text-editor.default\">\n\t\t\t\t<div class=\"elementor-widget-container\">\n\t\t\t\t\t\t\t\t\t<p style=\"font-weight: 400;\">Responsabilit\u00e9 civile<\/p><p>Multirisques (petite omnium)<\/p><p>D\u00e9g\u00e2ts mat\u00e9riels (grande omnium)<\/p><p>Assistance<\/p>\t\t\t\t\t\t\t\t<\/div>\n\t\t\t\t<\/div>\n\t\t\t\t<div class=\"elementor-element elementor-element-f09c466 elementor-align-center elementor-widget elementor-widget-button\" data-id=\"f09c466\" data-element_type=\"widget\" data-e-type=\"widget\" data-widget_type=\"button.default\">\n\t\t\t\t<div class=\"elementor-widget-container\">\n\t\t\t\t\t\t\t\t\t<div class=\"elementor-button-wrapper\">\n\t\t\t\t\t<a class=\"elementor-button elementor-button-link elementor-size-sm\" href=\"mailto:leasing@quercus-rc.be\">\n\t\t\t\t\t\t<span class=\"elementor-button-content-wrapper\">\n\t\t\t\t\t\t<span class=\"elementor-button-icon\">\n\t\t\t\t<i aria-hidden=\"true\" class=\"fas fa-info-circle\"><\/i>\t\t\t<\/span>\n\t\t\t\t\t\t\t\t\t<span class=\"elementor-button-text\">I want to contact Quercus to find out more.<\/span>\n\t\t\t\t\t<\/span>\n\t\t\t\t\t<\/a>\n\t\t\t\t<\/div>\n\t\t\t\t\t\t\t\t<\/div>\n\t\t\t\t<\/div>\n\t\t\t\t\t<\/div>\n\t\t<\/div>\n\t\t\t\t\t<\/div>\n\t\t<\/section>\n\t\t\t\t<\/div>","protected":false},"excerpt":{"rendered":"<p>Nous vous offrons un service de leasing automobile : Go4Lease ! Pourquoi un leasing auto ? Le march\u00e9 de l\u2019automobile ne cesse d\u2019\u00e9voluer. Multiplication des mod\u00e8les propos\u00e9s par les constructeurs, [&hellip;]<\/p>\n","protected":false},"author":103368776,"featured_media":0,"parent":0,"menu_order":0,"comment_status":"closed","ping_status":"closed","template":"page-templates\/template-default.php","meta":{"_crdt_document":"","advanced_seo_description":"","jetpack_seo_html_title":"","jetpack_seo_noindex":false,"jetpack_post_was_ever_published":false,"footnotes":""},"class_list":["post-13141","page","type-page","status-publish","hentry"],"jetpack_likes_enabled":true,"jetpack_sharing_enabled":true,"jetpack_shortlink":"https:\/\/wp.me\/PgPayC-3pX","jetpack-related-posts":[],"_links":{"self":[{"href":"https:\/\/quercus-rc.be\/en\/wp-json\/wp\/v2\/pages\/13141","targetHints":{"allow":["GET"]}}],"collection":[{"href":"https:\/\/quercus-rc.be\/en\/wp-json\/wp\/v2\/pages"}],"about":[{"href":"https:\/\/quercus-rc.be\/en\/wp-json\/wp\/v2\/types\/page"}],"author":[{"embeddable":true,"href":"https:\/\/quercus-rc.be\/en\/wp-json\/wp\/v2\/users\/103368776"}],"replies":[{"embeddable":true,"href":"https:\/\/quercus-rc.be\/en\/wp-json\/wp\/v2\/comments?post=13141"}],"version-history":[{"count":14,"href":"https:\/\/quercus-rc.be\/en\/wp-json\/wp\/v2\/pages\/13141\/revisions"}],"predecessor-version":[{"id":13986,"href":"https:\/\/quercus-rc.be\/en\/wp-json\/wp\/v2\/pages\/13141\/revisions\/13986"}],"wp:attachment":[{"href":"https:\/\/quercus-rc.be\/en\/wp-json\/wp\/v2\/media?parent=13141"}],"curies":[{"name":"wp","href":"https:\/\/api.w.org\/{rel}","templated":true}]}}