{"id":13528,"date":"2023-11-08T15:34:26","date_gmt":"2023-11-08T14:34:26","guid":{"rendered":"https:\/\/quercus-rc.be\/?page_id=13528"},"modified":"2023-12-01T14:39:44","modified_gmt":"2023-12-01T13:39:44","slug":"rc-entreprise","status":"publish","type":"page","link":"https:\/\/quercus-rc.be\/en\/rc-entreprise\/","title":{"rendered":"Company liability insurance"},"content":{"rendered":"<div data-elementor-type=\"wp-page\" data-elementor-id=\"13528\" class=\"elementor elementor-13528\">\n\t\t\t\t\t\t<section class=\"elementor-section elementor-top-section elementor-element elementor-element-4c1ac24 elementor-section-boxed elementor-section-height-default elementor-section-height-default\" data-id=\"4c1ac24\" data-element_type=\"section\" data-e-type=\"section\">\n\t\t\t\t\t\t<div class=\"elementor-container elementor-column-gap-default\">\n\t\t\t\t\t<div class=\"elementor-column elementor-col-100 elementor-top-column elementor-element elementor-element-002895d\" data-id=\"002895d\" data-element_type=\"column\" data-e-type=\"column\">\n\t\t\t<div class=\"elementor-widget-wrap\">\n\t\t\t\t\t\t\t<\/div>\n\t\t<\/div>\n\t\t\t\t\t<\/div>\n\t\t<\/section>\n\t\t\t\t<section class=\"elementor-section elementor-top-section elementor-element elementor-element-6b3f39f elementor-section-boxed elementor-section-height-default elementor-section-height-default\" data-id=\"6b3f39f\" data-element_type=\"section\" data-e-type=\"section\">\n\t\t\t\t\t\t<div class=\"elementor-container elementor-column-gap-default\">\n\t\t\t\t\t<div class=\"elementor-column elementor-col-100 elementor-top-column elementor-element elementor-element-dd86bbd\" data-id=\"dd86bbd\" data-element_type=\"column\" data-e-type=\"column\">\n\t\t\t<div class=\"elementor-widget-wrap elementor-element-populated\">\n\t\t\t\t\t\t<div class=\"elementor-element elementor-element-69e4761 elementor-widget elementor-widget-sectiontitle\" data-id=\"69e4761\" data-element_type=\"widget\" data-e-type=\"widget\" data-widget_type=\"sectiontitle.default\">\n\t\t\t\t<div class=\"elementor-widget-container\">\n\t\t\t\t\t\r\n\t\t\t\t\t<div class=\"style-three\">\r\n\r\n\t\t\t\t<div class=\"section-title t_center\">\r\n\t\t\t\t\t\r\n\t\t\t\t\t \r\n\t\t\t\t\t\t<h3>Business liability insurance<\/h3>\r\n\t\t\t\t\t\r\n\t\t\t\t\t\r\n\t\t\t\t\t\r\n\r\n\r\n\t\t\t\t<\/div>\t\r\n\r\n\t\t\t<\/div>\r\n\r\n\t\t\r\n\t\t\t\t\t\t<\/div>\n\t\t\t\t<\/div>\n\t\t\t\t<div class=\"elementor-element elementor-element-25ea248 elementor-widget elementor-widget-heading\" data-id=\"25ea248\" data-element_type=\"widget\" data-e-type=\"widget\" data-widget_type=\"heading.default\">\n\t\t\t\t<div class=\"elementor-widget-container\">\n\t\t\t\t\t<h3 class=\"elementor-heading-title elementor-size-default\">What does corporate liability cover?<\/h3>\t\t\t\t<\/div>\n\t\t\t\t<\/div>\n\t\t\t\t<div class=\"elementor-element elementor-element-65c9ddf elementor-widget elementor-widget-text-editor\" data-id=\"65c9ddf\" data-element_type=\"widget\" data-e-type=\"widget\" data-widget_type=\"text-editor.default\">\n\t\t\t\t<div class=\"elementor-widget-container\">\n\t\t\t\t\t\t\t\t\t<p style=\"font-weight: 400;\">Business liability insurance covers damages resulting from unintentional faults (errors, oversights, inaccuracies, omissions, negligence) directly related to the service provided or sale made, caused to others.<\/p>\n<p style=\"font-weight: 400;\">By \u2018your company\u2019 we mean: yourself, managers, employees, subcontractors, equipment, premises, vehicles, products and services of your company.<\/p>\n<p style=\"font-weight: 400;\">\u201cOther persons\u201d means<strong>&nbsp;any person directly or indirectly connected with your company&nbsp;<\/strong>such as your customers, suppliers, partners, prospects, visitors, employees, etc.<\/p>\n<p style=\"font-weight: 400;\"><u>In some cases, taking out such a policy is compulsory.<\/u>, but it is still worthwhile taking out cover when this is not the case. Not only are you covered in the event of a problem, but your clients and partners will also be more inclined to trust you. It is common for a client to ask you for proof of professional liability insurance, or for you to provide it in order to respond to a&nbsp;<strong>call for tenders<\/strong>.<\/p>\n<p style=\"font-weight: 400;\"><strong>What does corporate liability cover?<\/strong><\/p>\n<p style=\"font-weight: 400;\">The following types of corporate liability insurance can be distinguished:<\/p>\n<ul style=\"font-weight: 400;\">\n<li><strong>Professional Liability Insurance<\/strong>&nbsp;may be sufficient when you are engaged in purely intellectual activities. In some cases, you will be required to take it out.<\/li>\n<li><strong>Objective fire or explosion liability insurance<\/strong>&nbsp;must also be taken out as soon as you operate establishments open to the public.<\/li>\n<li><strong>Product liability or after delivery<\/strong>&nbsp;relates to damage caused after delivery by the company's services or products.<\/li>\n<li><strong>Operating<\/strong>&nbsp;<strong>liability insurance<\/strong>&nbsp;covers the company's liabilities during operations and related tasks. When you store goods for processing or borrow tools to carry out your activities, this coverage can be extended to&nbsp;<strong>warranty Items entrusted<\/strong>.<\/li>\n<li><strong>Director and Officer Liability Insurance (D&amp;O)<\/strong>&nbsp;will cover you against the risks your company may face due to the liability of one of its directors.<\/li><\/ul>\t\t\t\t\t\t\t\t<\/div>\n\t\t\t\t<\/div>\n\t\t\t\t<div class=\"elementor-element elementor-element-6bc2555 elementor-widget elementor-widget-heading\" data-id=\"6bc2555\" data-element_type=\"widget\" data-e-type=\"widget\" data-widget_type=\"heading.default\">\n\t\t\t\t<div class=\"elementor-widget-container\">\n\t\t\t\t\t<h3 class=\"elementor-heading-title elementor-size-default\">How much does business liability insurance cost?<\/h3>\t\t\t\t<\/div>\n\t\t\t\t<\/div>\n\t\t\t\t<div class=\"elementor-element elementor-element-82511ee elementor-widget elementor-widget-text-editor\" data-id=\"82511ee\" data-element_type=\"widget\" data-e-type=\"widget\" data-widget_type=\"text-editor.default\">\n\t\t\t\t<div class=\"elementor-widget-container\">\n\t\t\t\t\t\t\t\t\t<p style=\"font-weight: 400;\"><span style=\"color: var( --e-global-color-primary );\">The<\/span><strong style=\"color: var( --e-global-color-primary );\">\u00a0rates vary\u00a0<\/strong><span style=\"color: var( --e-global-color-primary );\">depending\u00a0<\/span><strong>on your turnover,<\/strong><span style=\"color: var( --e-global-color-primary );\">on your turnover, the size and status of your company, your sector of activity, the type of cover and the specific features of the contract.<\/span><\/p>\t\t\t\t\t\t\t\t<\/div>\n\t\t\t\t<\/div>\n\t\t\t\t<div class=\"elementor-element elementor-element-f09c466 elementor-align-center elementor-widget elementor-widget-button\" data-id=\"f09c466\" data-element_type=\"widget\" data-e-type=\"widget\" data-widget_type=\"button.default\">\n\t\t\t\t<div class=\"elementor-widget-container\">\n\t\t\t\t\t\t\t\t\t<div class=\"elementor-button-wrapper\">\n\t\t\t\t\t<a class=\"elementor-button elementor-button-link elementor-size-sm\" href=\"https:\/\/quercus-rc.fun\/contact\/\">\n\t\t\t\t\t\t<span class=\"elementor-button-content-wrapper\">\n\t\t\t\t\t\t<span class=\"elementor-button-icon\">\n\t\t\t\t<i aria-hidden=\"true\" class=\"fas fa-info-circle\"><\/i>\t\t\t<\/span>\n\t\t\t\t\t\t\t\t\t<span class=\"elementor-button-text\">I want to contact Quercus to find out more.<\/span>\n\t\t\t\t\t<\/span>\n\t\t\t\t\t<\/a>\n\t\t\t\t<\/div>\n\t\t\t\t\t\t\t\t<\/div>\n\t\t\t\t<\/div>\n\t\t\t\t\t<\/div>\n\t\t<\/div>\n\t\t\t\t\t<\/div>\n\t\t<\/section>\n\t\t\t\t<\/div>","protected":false},"excerpt":{"rendered":"<p>L&#8217;assurance responsabilit\u00e9 entreprise Que couvre la RC entreprise ? La garantie responsabilit\u00e9 civile entreprise couvre les&nbsp;pr\u00e9judices r\u00e9sultants d\u2019une faute&nbsp;(erreur, oubli, inexactitude, omission, n\u00e9gligence)&nbsp;involontaire&nbsp;en rapport direct avec la prestation ou la [&hellip;]<\/p>\n","protected":false},"author":103368776,"featured_media":0,"parent":0,"menu_order":0,"comment_status":"closed","ping_status":"closed","template":"page-templates\/template-default.php","meta":{"_crdt_document":"","advanced_seo_description":"","jetpack_seo_html_title":"","jetpack_seo_noindex":false,"jetpack_post_was_ever_published":false,"footnotes":""},"class_list":["post-13528","page","type-page","status-publish","hentry"],"jetpack_likes_enabled":true,"jetpack_sharing_enabled":true,"jetpack_shortlink":"https:\/\/wp.me\/PgPayC-3wc","jetpack-related-posts":[],"_links":{"self":[{"href":"https:\/\/quercus-rc.be\/en\/wp-json\/wp\/v2\/pages\/13528","targetHints":{"allow":["GET"]}}],"collection":[{"href":"https:\/\/quercus-rc.be\/en\/wp-json\/wp\/v2\/pages"}],"about":[{"href":"https:\/\/quercus-rc.be\/en\/wp-json\/wp\/v2\/types\/page"}],"author":[{"embeddable":true,"href":"https:\/\/quercus-rc.be\/en\/wp-json\/wp\/v2\/users\/103368776"}],"replies":[{"embeddable":true,"href":"https:\/\/quercus-rc.be\/en\/wp-json\/wp\/v2\/comments?post=13528"}],"version-history":[{"count":12,"href":"https:\/\/quercus-rc.be\/en\/wp-json\/wp\/v2\/pages\/13528\/revisions"}],"predecessor-version":[{"id":14425,"href":"https:\/\/quercus-rc.be\/en\/wp-json\/wp\/v2\/pages\/13528\/revisions\/14425"}],"wp:attachment":[{"href":"https:\/\/quercus-rc.be\/en\/wp-json\/wp\/v2\/media?parent=13528"}],"curies":[{"name":"wp","href":"https:\/\/api.w.org\/{rel}","templated":true}]}}