{"id":13759,"date":"2023-11-11T01:39:37","date_gmt":"2023-11-11T00:39:37","guid":{"rendered":"https:\/\/quercus-rc.be\/?page_id=13759"},"modified":"2023-11-18T16:32:15","modified_gmt":"2023-11-18T15:32:15","slug":"durabilite","status":"publish","type":"page","link":"https:\/\/quercus-rc.be\/en\/durabilite\/","title":{"rendered":"Sustainability"},"content":{"rendered":"<div data-elementor-type=\"wp-page\" data-elementor-id=\"13759\" class=\"elementor elementor-13759\">\n\t\t\t\t\t\t<section class=\"elementor-section elementor-top-section elementor-element elementor-element-4c1ac24 elementor-section-boxed elementor-section-height-default elementor-section-height-default\" data-id=\"4c1ac24\" data-element_type=\"section\" data-e-type=\"section\">\n\t\t\t\t\t\t<div class=\"elementor-container elementor-column-gap-default\">\n\t\t\t\t\t<div class=\"elementor-column elementor-col-100 elementor-top-column elementor-element elementor-element-002895d\" data-id=\"002895d\" data-element_type=\"column\" data-e-type=\"column\">\n\t\t\t<div class=\"elementor-widget-wrap\">\n\t\t\t\t\t\t\t<\/div>\n\t\t<\/div>\n\t\t\t\t\t<\/div>\n\t\t<\/section>\n\t\t\t\t<section class=\"elementor-section elementor-top-section elementor-element elementor-element-6b3f39f elementor-section-boxed elementor-section-height-default elementor-section-height-default\" data-id=\"6b3f39f\" data-element_type=\"section\" data-e-type=\"section\">\n\t\t\t\t\t\t<div class=\"elementor-container elementor-column-gap-default\">\n\t\t\t\t\t<div class=\"elementor-column elementor-col-100 elementor-top-column elementor-element elementor-element-dd86bbd\" data-id=\"dd86bbd\" data-element_type=\"column\" data-e-type=\"column\">\n\t\t\t<div class=\"elementor-widget-wrap elementor-element-populated\">\n\t\t\t\t\t\t<div class=\"elementor-element elementor-element-69e4761 elementor-widget elementor-widget-sectiontitle\" data-id=\"69e4761\" data-element_type=\"widget\" data-e-type=\"widget\" data-widget_type=\"sectiontitle.default\">\n\t\t\t\t<div class=\"elementor-widget-container\">\n\t\t\t\t\t\r\n\t\t\t\t\t<div class=\"style-three\">\r\n\r\n\t\t\t\t<div class=\"section-title t_center\">\r\n\t\t\t\t\t\r\n\t\t\t\t\t \r\n\t\t\t\t\t\t<h3>Politique en mati\u00e8re de durabilit\u00e9<\/h3>\r\n\t\t\t\t\t\r\n\t\t\t\t\t\r\n\t\t\t\t\t\r\n\r\n\r\n\t\t\t\t<\/div>\t\r\n\r\n\t\t\t<\/div>\r\n\r\n\t\t\r\n\t\t\t\t\t\t<\/div>\n\t\t\t\t<\/div>\n\t\t\t\t<div class=\"elementor-element elementor-element-65c9ddf elementor-widget elementor-widget-text-editor\" data-id=\"65c9ddf\" data-element_type=\"widget\" data-e-type=\"widget\" data-widget_type=\"text-editor.default\">\n\t\t\t\t<div class=\"elementor-widget-container\">\n\t\t\t\t\t\t\t\t\t<section class=\"clearfix paragraph--text\"><div class=\"container\"><div class=\"row\"><div class=\"col-12\"><strong>1. Politiques relatives aux risques en mati\u00e8re de durabilit\u00e9<\/strong><div class=\"wysiwyg paragraph--text__content js-text text-left\"><p>Conform\u00e9ment au R\u00e8glement europ\u00e9en sur la publication d\u2019informations en mati\u00e8re de durabilit\u00e9 dans le secteur des services financiers (\u00ab SFDR \u00bb &#8211; Sustainable Financial Disclosure Regulation) notre bureau int\u00e8gre, dans ses conseils en assurance relatifs aux produits d\u2019investissement fond\u00e9s sur l\u2019assurance, les risques en mati\u00e8re de durabilit\u00e9 dans la mesure o\u00f9 cette information est mise \u00e0 disposition par l\u2019entreprise d\u2019assurance.<\/p><p>Le SFDR d\u00e9finit le risque en mati\u00e8re de durabilit\u00e9 comme \u00ab un \u00e9v\u00e8nement ou une situation dans le domaine environnemental (E), social (S) ou de la gouvernance (G) qui, s\u2019il survient, pourrait avoir une incidence n\u00e9gative importante, r\u00e9elle ou potentielle, sur la valeur de l\u2019investissement \u00bb.<\/p><p>Dans le cadre des conseils relatifs aux produits d\u2019investissement fond\u00e9s sur l\u2019assurance, la politique de r\u00e9mun\u00e9ration applicable au sein de notre bureau n&#8217;encourage pas une prise de risque excessive en mati\u00e8re de durabilit\u00e9.<\/p><\/div><\/div><\/div><\/div><\/section><nav class=\"sticky-buttons sticky-buttons--mobile js-sticky-buttons-mobile-hero\"><\/nav><section class=\"clearfix paragraph--text\"><div class=\"container\"><div class=\"row\"><div class=\"col-12\"><strong>2. Incidences n\u00e9gatives sur les facteurs de durabilit\u00e9<\/strong><div class=\"wysiwyg paragraph--text__content js-text text-left\"><p>Le SFDR a d\u00e9fini les facteurs de durabilit\u00e9 comme \u00ab des questions environnementales, sociales et de personnel, le respect des droits de l\u2019homme et la lutte contre la corruption et les actes de corruption \u00bb.<\/p><p>Le cadre r\u00e9glementaire relatif aux facteurs de durabilit\u00e9 et aux incidences n\u00e9gatives des d\u00e9cisions d\u2019investissement sur les facteurs de durabilit\u00e9 est actuellement incomplet et \u00e9voluera encore au cours des prochains mois et ann\u00e9es.<\/p><p>C\u2019est la raison pour laquelle notre bureau ne prend actuellement pas en compte les incidences n\u00e9gatives des d\u00e9cisions d\u2019investissement sur les facteurs de durabilit\u00e9 dans ses conseils en assurance relatifs aux produits d&#8217;investissement fond\u00e9s sur l&#8217;assurance, \u00e0 moins que le client en ait exprim\u00e9 le souhait. Dans ce dernier cas, notre bureau en tiendra compte dans l&#8217;\u00e9valuation de l&#8217;ad\u00e9quation du\/des produit(s) d&#8217;investissement fond\u00e9(s) sur l&#8217;assurance concern\u00e9(s).<\/p><p>Notre bureau adaptera cette politique au fur et mesure de l\u2019\u00e9volution du cadre r\u00e9glementaire.<\/p><\/div><\/div><\/div><\/div><\/section>\t\t\t\t\t\t\t\t<\/div>\n\t\t\t\t<\/div>\n\t\t\t\t\t<\/div>\n\t\t<\/div>\n\t\t\t\t\t<\/div>\n\t\t<\/section>\n\t\t\t\t<\/div>","protected":false},"excerpt":{"rendered":"<p>Politique en mati\u00e8re de durabilit\u00e9 1. Politiques relatives aux risques en mati\u00e8re de durabilit\u00e9 Conform\u00e9ment au R\u00e8glement europ\u00e9en sur la publication d\u2019informations en mati\u00e8re de durabilit\u00e9 dans le secteur des [&hellip;]<\/p>\n","protected":false},"author":103368776,"featured_media":0,"parent":0,"menu_order":0,"comment_status":"closed","ping_status":"closed","template":"page-templates\/template-default.php","meta":{"_crdt_document":"","advanced_seo_description":"","jetpack_seo_html_title":"","jetpack_seo_noindex":false,"jetpack_post_was_ever_published":false,"footnotes":""},"class_list":["post-13759","page","type-page","status-publish","hentry"],"jetpack_likes_enabled":true,"jetpack_sharing_enabled":true,"jetpack_shortlink":"https:\/\/wp.me\/PgPayC-3zV","jetpack-related-posts":[],"_links":{"self":[{"href":"https:\/\/quercus-rc.be\/en\/wp-json\/wp\/v2\/pages\/13759","targetHints":{"allow":["GET"]}}],"collection":[{"href":"https:\/\/quercus-rc.be\/en\/wp-json\/wp\/v2\/pages"}],"about":[{"href":"https:\/\/quercus-rc.be\/en\/wp-json\/wp\/v2\/types\/page"}],"author":[{"embeddable":true,"href":"https:\/\/quercus-rc.be\/en\/wp-json\/wp\/v2\/users\/103368776"}],"replies":[{"embeddable":true,"href":"https:\/\/quercus-rc.be\/en\/wp-json\/wp\/v2\/comments?post=13759"}],"version-history":[{"count":11,"href":"https:\/\/quercus-rc.be\/en\/wp-json\/wp\/v2\/pages\/13759\/revisions"}],"predecessor-version":[{"id":13908,"href":"https:\/\/quercus-rc.be\/en\/wp-json\/wp\/v2\/pages\/13759\/revisions\/13908"}],"wp:attachment":[{"href":"https:\/\/quercus-rc.be\/en\/wp-json\/wp\/v2\/media?parent=13759"}],"curies":[{"name":"wp","href":"https:\/\/api.w.org\/{rel}","templated":true}]}}