{"id":13881,"date":"2023-11-18T16:01:55","date_gmt":"2023-11-18T15:01:55","guid":{"rendered":"https:\/\/quercus-rc.be\/?page_id=13881"},"modified":"2025-04-23T14:28:25","modified_gmt":"2025-04-23T12:28:25","slug":"declarer-sinistre","status":"publish","type":"page","link":"https:\/\/quercus-rc.be\/en\/declarer-sinistre\/","title":{"rendered":"Report a claim"},"content":{"rendered":"<div data-elementor-type=\"wp-page\" data-elementor-id=\"13881\" class=\"elementor elementor-13881\">\n\t\t\t\t\t\t<section class=\"elementor-section elementor-top-section elementor-element elementor-element-cacbb48 elementor-section-boxed elementor-section-height-default elementor-section-height-default\" data-id=\"cacbb48\" data-element_type=\"section\" data-e-type=\"section\">\n\t\t\t\t\t\t<div class=\"elementor-container elementor-column-gap-default\">\n\t\t\t\t\t<div class=\"elementor-column elementor-col-100 elementor-top-column elementor-element elementor-element-f2766d3\" data-id=\"f2766d3\" data-element_type=\"column\" data-e-type=\"column\">\n\t\t\t<div class=\"elementor-widget-wrap\">\n\t\t\t\t\t\t\t<\/div>\n\t\t<\/div>\n\t\t\t\t\t<\/div>\n\t\t<\/section>\n\t\t\t\t<section class=\"elementor-section elementor-top-section elementor-element elementor-element-1306833 elementor-section-boxed elementor-section-height-default elementor-section-height-default\" data-id=\"1306833\" data-element_type=\"section\" data-e-type=\"section\">\n\t\t\t\t\t\t<div class=\"elementor-container elementor-column-gap-default\">\n\t\t\t\t\t<div class=\"elementor-column elementor-col-100 elementor-top-column elementor-element elementor-element-7c47be9\" data-id=\"7c47be9\" data-element_type=\"column\" data-e-type=\"column\">\n\t\t\t<div class=\"elementor-widget-wrap elementor-element-populated\">\n\t\t\t\t\t\t<div class=\"elementor-element elementor-element-dfb0e52 elementor-widget elementor-widget-sectiontitle\" data-id=\"dfb0e52\" data-element_type=\"widget\" data-e-type=\"widget\" data-widget_type=\"sectiontitle.default\">\n\t\t\t\t<div class=\"elementor-widget-container\">\n\t\t\t\t\t\r\n\t\t\t\t\t<div class=\"style-three\">\r\n\r\n\t\t\t\t<div class=\"section-title t_center\">\r\n\t\t\t\t\t\r\n\t\t\t\t\t \r\n\t\t\t\t\t\t<h3>D\u00e9clarer via un formulaire ou via MyBroker<\/h3>\r\n\t\t\t\t\t\r\n\t\t\t\t\t\r\n\t\t\t\t\t \r\n\t\t\t\t\t\t<p>Nous savons qu\u2019un sinistre peut \u00eatre une \u00e9preuve stressante et d\u00e9concertante. Notre objectif est de rendre cette exp\u00e9rience aussi fluide et transparente que possible pour vous. Cette page vous guide \u00e0 travers le processus de d\u00e9claration d\u2019un sinistre, en vous expliquant chaque \u00e9tape pour vous aider \u00e0 comprendre ce que vous devez faire et \u00e0 quoi vous attendre.<\/p>\r\n\t\t\t\t\t\r\n\r\n\r\n\t\t\t\t<\/div>\t\r\n\r\n\t\t\t<\/div>\r\n\r\n\t\t\r\n\t\t\t\t\t\t<\/div>\n\t\t\t\t<\/div>\n\t\t\t\t<section class=\"elementor-section elementor-inner-section elementor-element elementor-element-99d0bac elementor-section-boxed elementor-section-height-default elementor-section-height-default\" data-id=\"99d0bac\" data-element_type=\"section\" data-e-type=\"section\">\n\t\t\t\t\t\t<div class=\"elementor-container elementor-column-gap-default\">\n\t\t\t\t\t<div class=\"elementor-column elementor-col-33 elementor-inner-column elementor-element elementor-element-6d2fd69\" data-id=\"6d2fd69\" data-element_type=\"column\" data-e-type=\"column\" data-settings=\"{&quot;background_background&quot;:&quot;classic&quot;}\">\n\t\t\t<div class=\"elementor-widget-wrap elementor-element-populated\">\n\t\t\t\t\t\t<div class=\"elementor-element elementor-element-2e5417c elementor-widget elementor-widget-flipbox\" data-id=\"2e5417c\" data-element_type=\"widget\" data-e-type=\"widget\" data-widget_type=\"flipbox.default\">\n\t\t\t\t<div class=\"elementor-widget-container\">\n\t\t\t\t\t            \r\n\r\n        \r\n        <div class=\"flip-box\">\r\n            <div class=\"flip-box-inner rs-flip-right\">\r\n                <div class=\"flip-box-wrap\">\r\n                    <div class=\"front-part\">\r\n                        <div class=\"front-background-overlay\"><\/div>\r\n                        <div class=\"front-content-part\">\r\n                                                            <div class=\"front-icon-part\">\r\n                                                                            <span class=\"front-icon\"><i class=\"fab fa-wpforms\"><\/i><\/span>\r\n                                                                                                        <\/div>\r\n                            \r\n\r\n                                                            <div class=\"front-title-part\">\r\n                                    <h2 class=\"front-title\">Formulaire<\/h2>                                \r\n                                <\/div>\r\n                            \r\n                                                            <div class=\"front-desc-part\">\r\n                                    <p class=\"front-desc\">Compl\u00e8tez le formulaire en ligne<\/p>\r\n                                <\/div>\r\n                            \r\n                            \r\n                        <\/div>\r\n                    <\/div><!-- .front-part -->\r\n\r\n                    <div class=\"back-part\">\r\n                        <div class=\"back-background-overlay\"><\/div>\r\n                        <div class=\"back-content-part\">\r\n                            \r\n                            \r\n                                                            <div class=\"back-desc-part\">\r\n                                    <p class=\"back-desc\">Compl\u00e8ter le formulaire en ligne<\/p>\r\n                                <\/div>\r\n                            \r\n                                                            <div class=\"back-btn-part\">\r\n                                    <a class=\"back-btn\" href=\"https:\/\/quercus-rc.be\/en\/form-decla-sinistre\/\">\r\n                                        <span class=\"back-btn-txt\">More<\/span>\r\n                                                                            <\/a>\r\n                                <\/div>\r\n                                                    <\/div>\r\n                        \r\n                    <\/div><!-- .back-part -->\r\n                <\/div><!-- .flip-box-wrap -->\r\n            <\/div><!-- .flip-box-inner -->\r\n        <\/div><!-- .flip-box -->\r\n\r\n        \r\n\r\n        \t\t\t\t<\/div>\n\t\t\t\t<\/div>\n\t\t\t\t\t<\/div>\n\t\t<\/div>\n\t\t\t\t<div class=\"elementor-column elementor-col-33 elementor-inner-column elementor-element elementor-element-918ea97\" data-id=\"918ea97\" data-element_type=\"column\" data-e-type=\"column\">\n\t\t\t<div class=\"elementor-widget-wrap elementor-element-populated\">\n\t\t\t\t\t\t<div class=\"elementor-element elementor-element-3d70ccd elementor-view-default elementor-widget elementor-widget-icon\" data-id=\"3d70ccd\" data-element_type=\"widget\" data-e-type=\"widget\" data-widget_type=\"icon.default\">\n\t\t\t\t<div class=\"elementor-widget-container\">\n\t\t\t\t\t\t\t<div class=\"elementor-icon-wrapper\">\n\t\t\t<div class=\"elementor-icon\">\n\t\t\t<i aria-hidden=\"true\" class=\"fas fa-arrows-alt-h\"><\/i>\t\t\t<\/div>\n\t\t<\/div>\n\t\t\t\t\t\t<\/div>\n\t\t\t\t<\/div>\n\t\t\t\t\t<\/div>\n\t\t<\/div>\n\t\t\t\t<div class=\"elementor-column elementor-col-33 elementor-inner-column elementor-element elementor-element-328c7ad elementor-hidden-tablet\" data-id=\"328c7ad\" data-element_type=\"column\" data-e-type=\"column\">\n\t\t\t<div class=\"elementor-widget-wrap elementor-element-populated\">\n\t\t\t\t\t\t<div class=\"elementor-element elementor-element-b86b469 elementor-widget elementor-widget-flipbox\" data-id=\"b86b469\" data-element_type=\"widget\" data-e-type=\"widget\" data-widget_type=\"flipbox.default\">\n\t\t\t\t<div class=\"elementor-widget-container\">\n\t\t\t\t\t            \r\n\r\n        \r\n        <div class=\"flip-box\">\r\n            <div class=\"flip-box-inner rs-flip-right\">\r\n                <div class=\"flip-box-wrap\">\r\n                    <div class=\"front-part\">\r\n                        <div class=\"front-background-overlay\"><\/div>\r\n                        <div class=\"front-content-part\">\r\n                                                            <div class=\"front-icon-part\">\r\n                                                                            <span class=\"front-icon\"><i class=\"far fa-check-square\"><\/i><\/span>\r\n                                                                                                        <\/div>\r\n                            \r\n\r\n                                                            <div class=\"front-title-part\">\r\n                                    <h2 class=\"front-title\">MyBroker<\/h2>                                \r\n                                <\/div>\r\n                            \r\n                            \r\n                            \r\n                        <\/div>\r\n                    <\/div><!-- .front-part -->\r\n\r\n                    <div class=\"back-part\">\r\n                        <div class=\"back-background-overlay\"><\/div>\r\n                        <div class=\"back-content-part\">\r\n                            \r\n                            \r\n                                                            <div class=\"back-desc-part\">\r\n                                    <p class=\"back-desc\">Connectez-vous et d\u00e9clarer via votre espace client<\/p>\r\n                                <\/div>\r\n                            \r\n                                                            <div class=\"back-btn-part\">\r\n                                    <a class=\"back-btn\" href=\"https:\/\/www.mybroker.be\/?o=78717\">\r\n                                        <span class=\"back-btn-txt\">Je me connecte<\/span>\r\n                                                                            <\/a>\r\n                                <\/div>\r\n                                                    <\/div>\r\n                        \r\n                    <\/div><!-- .back-part -->\r\n                <\/div><!-- .flip-box-wrap -->\r\n            <\/div><!-- .flip-box-inner -->\r\n        <\/div><!-- .flip-box -->\r\n\r\n        \r\n\r\n        \t\t\t\t<\/div>\n\t\t\t\t<\/div>\n\t\t\t\t\t<\/div>\n\t\t<\/div>\n\t\t\t\t\t<\/div>\n\t\t<\/section>\n\t\t\t\t\t<\/div>\n\t\t<\/div>\n\t\t\t\t\t<\/div>\n\t\t<\/section>\n\t\t\t\t<\/div>","protected":false},"excerpt":{"rendered":"<p>D\u00e9clarer via un formulaire ou via MyBroker Nous savons qu\u2019un sinistre peut \u00eatre une \u00e9preuve stressante et d\u00e9concertante. Notre objectif est de rendre cette exp\u00e9rience aussi fluide et transparente que [&hellip;]<\/p>\n","protected":false},"author":103368776,"featured_media":0,"parent":0,"menu_order":0,"comment_status":"closed","ping_status":"closed","template":"page-templates\/template-default.php","meta":{"_crdt_document":"","advanced_seo_description":"","jetpack_seo_html_title":"","jetpack_seo_noindex":false,"jetpack_post_was_ever_published":false,"footnotes":""},"class_list":["post-13881","page","type-page","status-publish","hentry"],"jetpack_likes_enabled":true,"jetpack_sharing_enabled":true,"jetpack_shortlink":"https:\/\/wp.me\/PgPayC-3BT","jetpack-related-posts":[],"_links":{"self":[{"href":"https:\/\/quercus-rc.be\/en\/wp-json\/wp\/v2\/pages\/13881","targetHints":{"allow":["GET"]}}],"collection":[{"href":"https:\/\/quercus-rc.be\/en\/wp-json\/wp\/v2\/pages"}],"about":[{"href":"https:\/\/quercus-rc.be\/en\/wp-json\/wp\/v2\/types\/page"}],"author":[{"embeddable":true,"href":"https:\/\/quercus-rc.be\/en\/wp-json\/wp\/v2\/users\/103368776"}],"replies":[{"embeddable":true,"href":"https:\/\/quercus-rc.be\/en\/wp-json\/wp\/v2\/comments?post=13881"}],"version-history":[{"count":18,"href":"https:\/\/quercus-rc.be\/en\/wp-json\/wp\/v2\/pages\/13881\/revisions"}],"predecessor-version":[{"id":15647,"href":"https:\/\/quercus-rc.be\/en\/wp-json\/wp\/v2\/pages\/13881\/revisions\/15647"}],"wp:attachment":[{"href":"https:\/\/quercus-rc.be\/en\/wp-json\/wp\/v2\/media?parent=13881"}],"curies":[{"name":"wp","href":"https:\/\/api.w.org\/{rel}","templated":true}]}}